{"id":5348,"date":"2023-01-22T11:01:30","date_gmt":"2023-01-22T09:01:30","guid":{"rendered":"https:\/\/gayani-yoga.com\/?page_id=5348"},"modified":"2025-06-20T20:30:12","modified_gmt":"2025-06-20T18:30:12","slug":"detox-ayurveda-de","status":"publish","type":"page","link":"https:\/\/gayani-yoga.com\/index.php\/de\/detox-ayurveda-de\/","title":{"rendered":"Detox &#038; Ayurveda de"},"content":{"rendered":"<p>[vc_row][vc_column][vc_column_text]<\/p>\n<table style=\"width: 100%;\">\n<tbody>\n<tr>\n<td style=\"width: 14%; text-align: center;\"><a href=\"#Yoga&amp;Detox\">Yoga &amp; Detox<\/a><\/td>\n<td style=\"width: 14%; text-align: center;\"><a href=\"#Yoga&amp;Ayurveda\">Yoga &amp; Ayurv\u00e9da<\/a><\/td>\n<\/tr>\n<\/tbody>\n<\/table>\n<p>[\/vc_column_text][\/vc_column][\/vc_row][vc_row][vc_column][vc_column_text]<a name=\"Yoga&amp;Detox\"><\/a><br \/>\n<img loading=\"lazy\" decoding=\"async\" class=\"aligncenter size-full wp-image-2210\" src=\"https:\/\/gayani-yoga.com\/wp-content\/uploads\/2018\/04\/Yogadetox-1.jpg\" alt=\"\" width=\"400\" height=\"100\" srcset=\"https:\/\/gayani-yoga.com\/wp-content\/uploads\/2018\/04\/Yogadetox-1.jpg 400w, https:\/\/gayani-yoga.com\/wp-content\/uploads\/2018\/04\/Yogadetox-1-300x75.jpg 300w\" sizes=\"auto, (max-width: 400px) 100vw, 400px\" \/>[\/vc_column_text][\/vc_column][\/vc_row][vc_row][vc_column][vc_column_text]<\/p>\n<h3 style=\"text-align: center;\"><span style=\"color: #993300;\"><em>Jeder kann zaubern, jeder kann seine Ziele erreichen, wenn er denken kann, <\/em><\/span><\/h3>\n<h3 style=\"text-align: center;\"><span style=\"color: #993300;\"><em>wenn er warten kann, wenn er fasten kann<\/em><\/span><\/h3>\n<p style=\"text-align: right;\">Hermann Hesse, Siddhartha (1877 \u2013 1962)<\/p>\n<p>[\/vc_column_text][\/vc_column][\/vc_row][vc_row][vc_column width=&#8221;1\/2&#8243;][vc_column_text]Fasten- und Detoxkuren sind nat\u00fcrliche Methoden dem K\u00f6rper und Geist eine Pause zu g\u00f6nnen um sich selbst zu heilen. Dies sind keine neue Methoden, sondern wurde schon immer in der Geschichte der Menschheit praktiziert.<br \/>\nBei ein- oder zweimaligem Fasten bzw. entgiften im Jahr, gibt man dem Magen-Darm-Trakt eine wohlverdiente Pause um sich zu regenerieren. Dies erlaubt dem K\u00f6rper zur Ruhe zu kommen, neue Kr\u00e4fte zu entwickeln und \u00fcbersch\u00fcssige S\u00e4uren und im Gewebe angeh\u00e4ufte Giftstoffe loszuwerden.<\/p>\n<p>Der Effekt einer reineren Haut, mehr k\u00f6rperliche Beweglichkeit, einer besseren Verdauung und Gewichtsverlust k\u00f6nnen au\u00dferdem angenehme Nebeneffekte w\u00e4hrend dieses Entgiftungsprozesses sein.[\/vc_column_text][\/vc_column][vc_column width=&#8221;1\/2&#8243;][vc_column_text]<img loading=\"lazy\" decoding=\"async\" class=\"aligncenter wp-image-5350 size-large\" src=\"https:\/\/gayani-yoga.com\/wp-content\/uploads\/2023\/01\/4M4A1993-1024x683.jpg\" alt=\"\" width=\"900\" height=\"600\" srcset=\"https:\/\/gayani-yoga.com\/wp-content\/uploads\/2023\/01\/4M4A1993-1024x683.jpg 1024w, https:\/\/gayani-yoga.com\/wp-content\/uploads\/2023\/01\/4M4A1993-300x200.jpg 300w, https:\/\/gayani-yoga.com\/wp-content\/uploads\/2023\/01\/4M4A1993-768x512.jpg 768w, https:\/\/gayani-yoga.com\/wp-content\/uploads\/2023\/01\/4M4A1993-1536x1024.jpg 1536w, https:\/\/gayani-yoga.com\/wp-content\/uploads\/2023\/01\/4M4A1993-2048x1365.jpg 2048w, https:\/\/gayani-yoga.com\/wp-content\/uploads\/2023\/01\/4M4A1993-50x33.jpg 50w, https:\/\/gayani-yoga.com\/wp-content\/uploads\/2023\/01\/4M4A1993-100x67.jpg 100w\" sizes=\"auto, (max-width: 900px) 100vw, 900px\" \/>[\/vc_column_text][\/vc_column][\/vc_row][vc_row][vc_column][vc_column_text]W\u00e4hrend der Fasten- oder Entgiftungskur werden\u00a0 nicht nur der K\u00f6rper auf physischer Ebene gereinigt, sondern wir reinigen auch den Geist durch angepasste Yoga\u00fcbungen und Klangtherapie. Es gibt die M\u00f6glichkeit zu l\u00e4ngeren Spazierg\u00e4ngen, kleineren Radtouren und speziellen Detox-Massagen, um den Entgiftungsprozess zu f\u00f6rdern. Sprechen Sie mit mir ab, welche Fasten oder Detoxmethode f\u00fcr Sie in Frage kommt. Ihr individualisiertes Programm f\u00fchren Sie selbst\u00e4ndig durch und werden von mir dabei bestm\u00f6glich unterst\u00fctzt.[\/vc_column_text][\/vc_column][\/vc_row][vc_row][vc_column][vc_column_text css=&#8221;.vc_custom_1674377053659{background-color: #dd5d5d !important;}&#8221;]<span style=\"color: #ffffff;\"> Die meisten Entgiftungsmethoden und Fastenkuren sind f\u00fcr jeden Menschen in gutem gesundheitlichem Zustand praktizierbar (ausgenommen sind Schwangere und stillende M\u00fctter) die keine regelm\u00e4\u00dfige Medikamenteneinnahme ben\u00f6tigen. Bitte kl\u00e4ren Sie mit Ihrem Arzt vorher ab, ob Sie unbedenklich entgiften oder fasten k\u00f6nnen.<\/span>[\/vc_column_text][\/vc_column][\/vc_row][vc_row][vc_column width=&#8221;1\/2&#8243;][vc_column_text]<img loading=\"lazy\" decoding=\"async\" class=\"aligncenter wp-image-1544 size-large\" src=\"https:\/\/gayani-yoga.com\/wp-content\/uploads\/2018\/03\/4M4A1964-1024x683.jpg\" alt=\"\" width=\"900\" height=\"600\" srcset=\"https:\/\/gayani-yoga.com\/wp-content\/uploads\/2018\/03\/4M4A1964-1024x683.jpg 1024w, https:\/\/gayani-yoga.com\/wp-content\/uploads\/2018\/03\/4M4A1964-300x200.jpg 300w, https:\/\/gayani-yoga.com\/wp-content\/uploads\/2018\/03\/4M4A1964-768x512.jpg 768w\" sizes=\"auto, (max-width: 900px) 100vw, 900px\" \/>[\/vc_column_text][\/vc_column][vc_column width=&#8221;1\/2&#8243;][vc_column_text]<\/p>\n<p style=\"text-align: center;\">PREIS : <strong>250 Euro<\/strong><br \/>\nINKLUSIVE :<\/p>\n<div>\n<ul>\n<li style=\"text-align: center;\"><strong> 2x Yoga Privatstunde 60 min<\/strong><\/li>\n<li style=\"text-align: center;\"><strong>1x Klangmassage 60 min<\/strong><\/li>\n<li style=\"text-align: center;\"><strong>1x Detoxmassage 60 min<br \/>\n<\/strong><\/li>\n<li style=\"text-align: center;\"><strong> Ern\u00e4hrungsberatung, Trainingsplan und Fasten- bzw. Detoxberatung<\/strong><\/li>\n<\/ul>\n<\/div>\n<p>[\/vc_column_text][\/vc_column][\/vc_row][vc_row][vc_column][vc_column_text]<\/p>\n<table style=\"width: 100%;\">\n<tbody>\n<tr>\n<td style=\"width: 14%; text-align: center;\"><a href=\"#Yoga&amp;Detox\">Yoga &amp; Detox<\/a><\/td>\n<td style=\"width: 14%; text-align: center;\"><a href=\"#Yoga&amp;Ayurveda\">Yoga &amp; Ayurv\u00e9da<\/a><\/td>\n<\/tr>\n<\/tbody>\n<\/table>\n<p>[\/vc_column_text][vc_column_text]<a name=\"Yoga&amp;Ayurveda\"><\/a><br \/>\n<img loading=\"lazy\" decoding=\"async\" class=\"aligncenter wp-image-1546 size-full\" src=\"https:\/\/gayani-yoga.com\/wp-content\/uploads\/2018\/03\/yoga-et-ayurveda.jpg\" alt=\"\" width=\"500\" height=\"114\" srcset=\"https:\/\/gayani-yoga.com\/wp-content\/uploads\/2018\/03\/yoga-et-ayurveda.jpg 500w, https:\/\/gayani-yoga.com\/wp-content\/uploads\/2018\/03\/yoga-et-ayurveda-300x68.jpg 300w\" sizes=\"auto, (max-width: 500px) 100vw, 500px\" \/>[\/vc_column_text][\/vc_column][\/vc_row][vc_row][vc_column][vc_column_text]Ayurveda bedeutet \u00ab die Wissenschaft des Lebens \u00bb. Diese im indischen Medizinsystem entsprungene Lehre, passt Behandlungsmethoden und Lebensstilempfehlungen an die individuelle Konstitution an. Jeder ist unterschiedlich und einzigartig in seinen k\u00f6rperlichen Merkmalen und geistigen Attributen, weswegen auch die Ern\u00e4hrung, Erholungsphasen, Yogapraxis etc. verschieden ausge\u00fcbt werden sollte. Sie werden die 5 Elemente in sich selbst entdecken und kennenlernen (\u00c4ther, Luft, Feuer, Wasser, Erde) und auch deren Gewichtung in Ihrer eigenen Konstitution verstehen lernen.[\/vc_column_text][\/vc_column][\/vc_row][vc_row][vc_column][vc_column_text]<img loading=\"lazy\" decoding=\"async\" class=\"aligncenter wp-image-1547 size-full\" src=\"https:\/\/gayani-yoga.com\/wp-content\/uploads\/2018\/03\/main.jpg\" alt=\"\" width=\"893\" height=\"292\" srcset=\"https:\/\/gayani-yoga.com\/wp-content\/uploads\/2018\/03\/main.jpg 893w, https:\/\/gayani-yoga.com\/wp-content\/uploads\/2018\/03\/main-300x98.jpg 300w, https:\/\/gayani-yoga.com\/wp-content\/uploads\/2018\/03\/main-768x251.jpg 768w\" sizes=\"auto, (max-width: 893px) 100vw, 893px\" \/>[\/vc_column_text][\/vc_column][\/vc_row][vc_row][vc_column][vc_column_text]Ziel ist es, dass Sie das hier gelernte auch im Alltag anwenden k\u00f6nnen und auf Ihre Konstitution angepasst besser und ausgeglichener leben k\u00f6nnen. Dies betrifft vor allem die Ern\u00e4hrung und die Yogapraxis. Sie werden lernen die Natur zu beobachten, sowohl in Ihnen als auch au\u00dferhalb von Ihnen und das Ursache-Wirkungs-Prinzip zu verstehen.<br \/>\nWenn Sie verstehen wie man die Quelle der Unausgeglichenheit beseitigt, verschwinden die Symptome dadurch bedingt auch.<br \/>\nEine ayurvedische Massage ist in diesem Angebot inklusive, um Ihnen zu helfen ins Gleichgewicht zu kommen.[\/vc_column_text][\/vc_column][\/vc_row][vc_row][vc_column width=&#8221;1\/2&#8243;][vc_column_text]<\/p>\n<p style=\"text-align: center;\">PREIS : <strong>175 Euro statt 214 Euro<br \/>\n<\/strong><\/p>\n<p style=\"text-align: center;\">INKLUSIVE :<\/p>\n<p style=\"text-align: center;\">\u2022 <strong>1x Yoga Privatstunde 60 min<\/strong><br \/>\n<strong> \u2022 Ayurveda Massage 90 min mit anschliessender<\/strong><br \/>\n<strong> \u2022 Ayurveda und Yogatherapie Beratung<\/strong><\/p>\n<p>[\/vc_column_text][\/vc_column][vc_column width=&#8221;1\/2&#8243;][vc_column_text]<img loading=\"lazy\" decoding=\"async\" class=\"aligncenter wp-image-1550 size-large\" src=\"https:\/\/gayani-yoga.com\/wp-content\/uploads\/2018\/03\/4M4A1419-1024x683.jpg\" alt=\"\" width=\"900\" height=\"600\" \/>[\/vc_column_text][\/vc_column][\/vc_row]<\/p>\n","protected":false},"excerpt":{"rendered":"<p>[vc_row][vc_column][vc_column_text] Yoga &amp; Detox Yoga &amp; Ayurv\u00e9da [\/vc_column_text][\/vc_column][\/vc_row][vc_row][vc_column][vc_column_text] [\/vc_column_text][\/vc_column][\/vc_row][vc_row][vc_column][vc_column_text] Jeder kann zaubern, jeder kann seine Ziele erreichen, wenn er denken kann, wenn er warten kann, wenn er fasten kann Hermann Hesse, Siddhartha (1877 \u2013 1962) [\/vc_column_text][\/vc_column][\/vc_row][vc_row][vc_column width=&#8221;1\/2&#8243;][vc_column_text]Fasten- und Detoxkuren sind nat\u00fcrliche Methoden dem K\u00f6rper und Geist eine Pause zu g\u00f6nnen um sich selbst zu heilen. [&hellip;]<\/p>\n","protected":false},"author":2,"featured_media":0,"parent":0,"menu_order":0,"comment_status":"closed","ping_status":"closed","template":"","meta":{"_glsr_average":0,"_glsr_ranking":0,"_glsr_reviews":0,"footnotes":""},"class_list":["post-5348","page","type-page","status-publish","hentry"],"yoast_head":"<!-- This site is optimized with the Yoast SEO plugin v27.4 - https:\/\/yoast.com\/product\/yoast-seo-wordpress\/ -->\n<title>Detox &amp; Ayurveda de - Gayani Yoga<\/title>\n<meta name=\"robots\" content=\"index, follow, max-snippet:-1, max-image-preview:large, max-video-preview:-1\" \/>\n<link rel=\"canonical\" href=\"https:\/\/gayani-yoga.com\/index.php\/de\/detox-ayurveda-de\/\" \/>\n<meta property=\"og:locale\" content=\"fr_FR\" \/>\n<meta property=\"og:type\" content=\"article\" \/>\n<meta property=\"og:title\" content=\"Detox &amp; Ayurveda de - Gayani Yoga\" \/>\n<meta property=\"og:description\" content=\"[vc_row][vc_column][vc_column_text] Yoga &amp; Detox Yoga &amp; Ayurv\u00e9da [\/vc_column_text][\/vc_column][\/vc_row][vc_row][vc_column][vc_column_text] [\/vc_column_text][\/vc_column][\/vc_row][vc_row][vc_column][vc_column_text] Jeder kann zaubern, jeder kann seine Ziele erreichen, wenn er denken kann, wenn er warten kann, wenn er fasten kann Hermann Hesse, Siddhartha (1877 \u2013 1962) [\/vc_column_text][\/vc_column][\/vc_row][vc_row][vc_column width=&#8221;1\/2&#8243;][vc_column_text]Fasten- und Detoxkuren sind nat\u00fcrliche Methoden dem K\u00f6rper und Geist eine Pause zu g\u00f6nnen um sich selbst zu heilen. [&hellip;]\" \/>\n<meta property=\"og:url\" content=\"https:\/\/gayani-yoga.com\/index.php\/de\/detox-ayurveda-de\/\" \/>\n<meta property=\"og:site_name\" content=\"Gayani Yoga\" \/>\n<meta property=\"article:publisher\" content=\"https:\/\/www.facebook.com\/gayaniyoga\/\" \/>\n<meta property=\"article:modified_time\" content=\"2025-06-20T18:30:12+00:00\" \/>\n<meta property=\"og:image\" content=\"https:\/\/gayani-yoga.com\/wp-content\/uploads\/2018\/04\/Yogadetox-1.jpg\" \/>\n\t<meta property=\"og:image:width\" content=\"400\" \/>\n\t<meta property=\"og:image:height\" content=\"100\" \/>\n\t<meta property=\"og:image:type\" content=\"image\/jpeg\" \/>\n<meta name=\"twitter:card\" content=\"summary_large_image\" \/>\n<meta name=\"twitter:label1\" content=\"Dur\u00e9e de lecture estim\u00e9e\" \/>\n\t<meta name=\"twitter:data1\" content=\"4 minutes\" \/>\n<script type=\"application\/ld+json\" class=\"yoast-schema-graph\">{\"@context\":\"https:\\\/\\\/schema.org\",\"@graph\":[{\"@type\":\"WebPage\",\"@id\":\"https:\\\/\\\/gayani-yoga.com\\\/index.php\\\/de\\\/detox-ayurveda-de\\\/\",\"url\":\"https:\\\/\\\/gayani-yoga.com\\\/index.php\\\/de\\\/detox-ayurveda-de\\\/\",\"name\":\"Detox & Ayurveda de - Gayani Yoga\",\"isPartOf\":{\"@id\":\"https:\\\/\\\/gayani-yoga.com\\\/#website\"},\"primaryImageOfPage\":{\"@id\":\"https:\\\/\\\/gayani-yoga.com\\\/index.php\\\/de\\\/detox-ayurveda-de\\\/#primaryimage\"},\"image\":{\"@id\":\"https:\\\/\\\/gayani-yoga.com\\\/index.php\\\/de\\\/detox-ayurveda-de\\\/#primaryimage\"},\"thumbnailUrl\":\"https:\\\/\\\/gayani-yoga.com\\\/wp-content\\\/uploads\\\/2018\\\/04\\\/Yogadetox-1.jpg\",\"datePublished\":\"2023-01-22T09:01:30+00:00\",\"dateModified\":\"2025-06-20T18:30:12+00:00\",\"breadcrumb\":{\"@id\":\"https:\\\/\\\/gayani-yoga.com\\\/index.php\\\/de\\\/detox-ayurveda-de\\\/#breadcrumb\"},\"inLanguage\":\"fr-FR\",\"potentialAction\":[{\"@type\":\"ReadAction\",\"target\":[\"https:\\\/\\\/gayani-yoga.com\\\/index.php\\\/de\\\/detox-ayurveda-de\\\/\"]}]},{\"@type\":\"ImageObject\",\"inLanguage\":\"fr-FR\",\"@id\":\"https:\\\/\\\/gayani-yoga.com\\\/index.php\\\/de\\\/detox-ayurveda-de\\\/#primaryimage\",\"url\":\"https:\\\/\\\/gayani-yoga.com\\\/wp-content\\\/uploads\\\/2018\\\/04\\\/Yogadetox-1.jpg\",\"contentUrl\":\"https:\\\/\\\/gayani-yoga.com\\\/wp-content\\\/uploads\\\/2018\\\/04\\\/Yogadetox-1.jpg\",\"width\":400,\"height\":100},{\"@type\":\"BreadcrumbList\",\"@id\":\"https:\\\/\\\/gayani-yoga.com\\\/index.php\\\/de\\\/detox-ayurveda-de\\\/#breadcrumb\",\"itemListElement\":[{\"@type\":\"ListItem\",\"position\":1,\"name\":\"Accueil\",\"item\":\"https:\\\/\\\/gayani-yoga.com\\\/\"},{\"@type\":\"ListItem\",\"position\":2,\"name\":\"Detox &#038; Ayurveda de\"}]},{\"@type\":\"WebSite\",\"@id\":\"https:\\\/\\\/gayani-yoga.com\\\/#website\",\"url\":\"https:\\\/\\\/gayani-yoga.com\\\/\",\"name\":\"Gayani Yoga\",\"description\":\"\",\"potentialAction\":[{\"@type\":\"SearchAction\",\"target\":{\"@type\":\"EntryPoint\",\"urlTemplate\":\"https:\\\/\\\/gayani-yoga.com\\\/?s={search_term_string}\"},\"query-input\":{\"@type\":\"PropertyValueSpecification\",\"valueRequired\":true,\"valueName\":\"search_term_string\"}}],\"inLanguage\":\"fr-FR\"}]}<\/script>\n<!-- \/ Yoast SEO plugin. -->","yoast_head_json":{"title":"Detox & Ayurveda de - Gayani Yoga","robots":{"index":"index","follow":"follow","max-snippet":"max-snippet:-1","max-image-preview":"max-image-preview:large","max-video-preview":"max-video-preview:-1"},"canonical":"https:\/\/gayani-yoga.com\/index.php\/de\/detox-ayurveda-de\/","og_locale":"fr_FR","og_type":"article","og_title":"Detox & Ayurveda de - Gayani Yoga","og_description":"[vc_row][vc_column][vc_column_text] Yoga &amp; Detox Yoga &amp; Ayurv\u00e9da [\/vc_column_text][\/vc_column][\/vc_row][vc_row][vc_column][vc_column_text] [\/vc_column_text][\/vc_column][\/vc_row][vc_row][vc_column][vc_column_text] Jeder kann zaubern, jeder kann seine Ziele erreichen, wenn er denken kann, wenn er warten kann, wenn er fasten kann Hermann Hesse, Siddhartha (1877 \u2013 1962) [\/vc_column_text][\/vc_column][\/vc_row][vc_row][vc_column width=&#8221;1\/2&#8243;][vc_column_text]Fasten- und Detoxkuren sind nat\u00fcrliche Methoden dem K\u00f6rper und Geist eine Pause zu g\u00f6nnen um sich selbst zu heilen. [&hellip;]","og_url":"https:\/\/gayani-yoga.com\/index.php\/de\/detox-ayurveda-de\/","og_site_name":"Gayani Yoga","article_publisher":"https:\/\/www.facebook.com\/gayaniyoga\/","article_modified_time":"2025-06-20T18:30:12+00:00","og_image":[{"width":400,"height":100,"url":"https:\/\/gayani-yoga.com\/wp-content\/uploads\/2018\/04\/Yogadetox-1.jpg","type":"image\/jpeg"}],"twitter_card":"summary_large_image","twitter_misc":{"Dur\u00e9e de lecture estim\u00e9e":"4 minutes"},"schema":{"@context":"https:\/\/schema.org","@graph":[{"@type":"WebPage","@id":"https:\/\/gayani-yoga.com\/index.php\/de\/detox-ayurveda-de\/","url":"https:\/\/gayani-yoga.com\/index.php\/de\/detox-ayurveda-de\/","name":"Detox & Ayurveda de - Gayani Yoga","isPartOf":{"@id":"https:\/\/gayani-yoga.com\/#website"},"primaryImageOfPage":{"@id":"https:\/\/gayani-yoga.com\/index.php\/de\/detox-ayurveda-de\/#primaryimage"},"image":{"@id":"https:\/\/gayani-yoga.com\/index.php\/de\/detox-ayurveda-de\/#primaryimage"},"thumbnailUrl":"https:\/\/gayani-yoga.com\/wp-content\/uploads\/2018\/04\/Yogadetox-1.jpg","datePublished":"2023-01-22T09:01:30+00:00","dateModified":"2025-06-20T18:30:12+00:00","breadcrumb":{"@id":"https:\/\/gayani-yoga.com\/index.php\/de\/detox-ayurveda-de\/#breadcrumb"},"inLanguage":"fr-FR","potentialAction":[{"@type":"ReadAction","target":["https:\/\/gayani-yoga.com\/index.php\/de\/detox-ayurveda-de\/"]}]},{"@type":"ImageObject","inLanguage":"fr-FR","@id":"https:\/\/gayani-yoga.com\/index.php\/de\/detox-ayurveda-de\/#primaryimage","url":"https:\/\/gayani-yoga.com\/wp-content\/uploads\/2018\/04\/Yogadetox-1.jpg","contentUrl":"https:\/\/gayani-yoga.com\/wp-content\/uploads\/2018\/04\/Yogadetox-1.jpg","width":400,"height":100},{"@type":"BreadcrumbList","@id":"https:\/\/gayani-yoga.com\/index.php\/de\/detox-ayurveda-de\/#breadcrumb","itemListElement":[{"@type":"ListItem","position":1,"name":"Accueil","item":"https:\/\/gayani-yoga.com\/"},{"@type":"ListItem","position":2,"name":"Detox &#038; Ayurveda de"}]},{"@type":"WebSite","@id":"https:\/\/gayani-yoga.com\/#website","url":"https:\/\/gayani-yoga.com\/","name":"Gayani Yoga","description":"","potentialAction":[{"@type":"SearchAction","target":{"@type":"EntryPoint","urlTemplate":"https:\/\/gayani-yoga.com\/?s={search_term_string}"},"query-input":{"@type":"PropertyValueSpecification","valueRequired":true,"valueName":"search_term_string"}}],"inLanguage":"fr-FR"}]}},"post_mailing_queue_ids":[],"_links":{"self":[{"href":"https:\/\/gayani-yoga.com\/index.php\/wp-json\/wp\/v2\/pages\/5348","targetHints":{"allow":["GET"]}}],"collection":[{"href":"https:\/\/gayani-yoga.com\/index.php\/wp-json\/wp\/v2\/pages"}],"about":[{"href":"https:\/\/gayani-yoga.com\/index.php\/wp-json\/wp\/v2\/types\/page"}],"author":[{"embeddable":true,"href":"https:\/\/gayani-yoga.com\/index.php\/wp-json\/wp\/v2\/users\/2"}],"replies":[{"embeddable":true,"href":"https:\/\/gayani-yoga.com\/index.php\/wp-json\/wp\/v2\/comments?post=5348"}],"version-history":[{"count":12,"href":"https:\/\/gayani-yoga.com\/index.php\/wp-json\/wp\/v2\/pages\/5348\/revisions"}],"predecessor-version":[{"id":5584,"href":"https:\/\/gayani-yoga.com\/index.php\/wp-json\/wp\/v2\/pages\/5348\/revisions\/5584"}],"wp:attachment":[{"href":"https:\/\/gayani-yoga.com\/index.php\/wp-json\/wp\/v2\/media?parent=5348"}],"curies":[{"name":"wp","href":"https:\/\/api.w.org\/{rel}","templated":true}]}}