{"id":3044,"date":"2018-08-06T14:27:59","date_gmt":"2018-08-06T14:27:59","guid":{"rendered":"https:\/\/gayani-yoga.com\/?page_id=3044"},"modified":"2025-06-11T20:30:57","modified_gmt":"2025-06-11T18:30:57","slug":"naturopathie-landes","status":"publish","type":"page","link":"https:\/\/gayani-yoga.com\/index.php\/naturopathie-landes\/","title":{"rendered":"Naturopathie"},"content":{"rendered":"<p>[vc_row][vc_column][vc_column_text]<p>[\/vc_column_text][\/vc_column][\/vc_row][vc_row][vc_column][vc_separator color=&#8221;black&#8221;][\/vc_column][\/vc_row][vc_row][vc_column][vc_column_text]<\/p>\n[\/vc_column_text][\/vc_column][\/vc_row][vc_row][vc_column][vc_column_text]<img loading=\"lazy\" decoding=\"async\" class=\"aligncenter wp-image-2985\" src=\"https:\/\/gayani-yoga.com\/wp-content\/uploads\/2018\/07\/Naturopathie.png\" alt=\"\" width=\"325\" height=\"112\" srcset=\"https:\/\/gayani-yoga.com\/wp-content\/uploads\/2018\/07\/Naturopathie.png 877w, https:\/\/gayani-yoga.com\/wp-content\/uploads\/2018\/07\/Naturopathie-300x103.png 300w, https:\/\/gayani-yoga.com\/wp-content\/uploads\/2018\/07\/Naturopathie-768x264.png 768w\" sizes=\"auto, (max-width: 325px) 100vw, 325px\" \/>[\/vc_column_text][\/vc_column][\/vc_row][vc_row][vc_column][vc_column_text]<\/p>\r\n<p style=\"text-align: center;\"><strong>CHOISISSEZ LA PR\u00c9VENTION <\/strong><\/p>\r\n<p style=\"text-align: center;\"><span style=\"color: #800080;\"><em><strong>VIVRE MIEUX, R\u00c9CUP\u00c9RER, S&#8217;AUTO-GU\u00c9RIR, RESTER EN BONNE SANT\u00c9, REVENIR \u00c0 SOI\u2026 PAR LES SOINS NATURELLES<\/strong><\/em><\/span><\/p>\r\n<p>[\/vc_column_text][vc_column_text]<\/p>\r\n<p align=\"justify\"><span style=\"font-family: caudex, serif;\"><span style=\"font-size: large;\">La Naturopathie est consid\u00e9r\u00e9e comme la m\u00e9decine traditionnelle pr\u00e9ventive. Elle voit la personne dans sa globalit\u00e9 avec un ensemble de m\u00e9thodes de soins naturels visant \u00e0 maintenir, restaurer, renforcer les d\u00e9fenses et l\u2019\u00e9quilibre du corps, dans ses aspects physiques, psychiques, \u00e9motionnels, \u00e9nerg\u00e9tiques, spirituels.<\/span><\/span><\/p>\r\n<p>[\/vc_column_text][\/vc_column][\/vc_row][vc_row content_placement=&#8221;middle&#8221; css=&#8221;.vc_custom_1523377725954{background-color: #ffffff !important;background-position: 0 0 !important;background-repeat: no-repeat !important;}&#8221;][vc_column css=&#8221;.vc_custom_1524754901018{padding-top: 50px !important;padding-right: 50px !important;padding-bottom: 50px !important;padding-left: 50px !important;background-image: url(https:\/\/gayani-yoga.com\/wp-content\/uploads\/2018\/04\/4M4A1682-min.jpg?id=2468) !important;}&#8221;][vc_column_text]<\/p>\r\n<p>&nbsp;<\/p>\r\n<p style=\"text-align: center;\">Naturopathie dans les Landes. S\u00e9ances assur\u00e9es par Jana.<\/p>\r\n<p style=\"text-align: center;\">Dipl\u00f4m\u00e9e en Allemagne de Heilpraktiker (naturopathe), je vous propose<\/p>\r\n<p>&nbsp;<\/p>\r\n<ul>\r\n<li>Bilan de sant\u00e9 et hygi\u00e8ne de vie : plan d\u2019alimentation<\/li>\r\n<li>La phytoth\u00e9rapie et micronutrition (vitamines, oligo\u00e9l\u00e9ments, gemmoth\u00e9rapie etc..),<\/li>\r\n<li>L&#8217;approche psycho-\u00e9motionnelle: du conseil en fleurs de Bach, aromath\u00e9rapie\u202f; sonoth\u00e9rapie<\/li>\r\n<li>La r\u00e9flexologie : r\u00e9flexologie plantaire, cr\u00e2nienne et auriculaire<\/li>\r\n<li>Les techniques vibratoires : La Sonoth\u00e9rapie &#8211; massage aux bols sonores et phonophorese<\/li>\r\n<li>renforcement de l&#8217;organisme : l&#8217;Aromath\u00e9rapie (Aroma Touch)<\/li>\r\n<li>les techniques manuelles : <strong><a href=\"https:\/\/gayani-yoga.com\/index.php\/massage-dans-les-landes\/\">massages th\u00e9rapeutiques (Deep tissue, Ayurv\u00e9diques)<\/a><\/strong><\/li>\r\n<li>les techniques respiratoires (coh\u00e9rence cardiaque, exercices respiratoires)<\/li>\r\n<li>les exercices physiques : des cours de <strong><a href=\"https:\/\/gayani-yoga.com\/index.php\/cours-de-yoga-ayurveda-landes\/\">Yoga et la Yoga-th\u00e9rapie<\/a><\/strong><\/li>\r\n<li>les techniques \u00e9nerg\u00e9tiques &#8211; Tao Hands<\/li>\r\n<\/ul>\r\n<p>Une majorit\u00e9 de probl\u00e8mes de sant\u00e9, de dysfonctionnements, de pathologies +\/ chroniques peuvent \u00eatre am\u00e9lior\u00e9es par la naturopathie : douleurs, fatigue, stress et toutes ses manifestations, probl\u00e8mes digestifs, troubles du sommeil, baisse d&#8217;immunit\u00e9, probl\u00e8mes cutan\u00e9s, infections urinaires \u00e0 r\u00e9p\u00e9tition, troubles de la femme (candidose, grossesse), maux des enfants (nervosit\u00e9, maux de ventre, affections hivernales, allergies)&#8230;<\/p>\r\n<p>&nbsp;<\/p>\r\n<p>Cette discipline contribue \u00e0 la sant\u00e9 globale et durable, et ne se substitue jamais \u00e0 la m\u00e9decine conventionnelle, mais la compl\u00e8te. Elle s&#8217;inscrit en parfaite compl\u00e9mentarit\u00e9 avec les autres pratiques sanitaires, m\u00e9dicales et \/ou param\u00e9dicales.<\/p>\r\n<h3 class=\"western\" align=\"justify\"><span style=\"font-size: 12pt; font-family: helvetica, arial, sans-serif;\">\u00a0<\/span><\/h3>\r\n<p><span style=\"font-size: 12pt; font-family: helvetica, arial, sans-serif;\">\u200b<\/span><\/p>\r\n<p>[\/vc_column_text][\/vc_column][\/vc_row][vc_row][vc_column][vc_column_text][\/vc_column_text][\/vc_column][\/vc_row][vc_row][vc_column][vc_column_text][\/vc_column_text][\/vc_column][\/vc_row][vc_row][vc_column][vc_column_text]<\/p>\r\n<div id=\"ConstellationWidgetContainerd9e9e712-ca5e-4cb4-aa41-46cd0d056d7c\" style=\"width: 100%;\" title=\"GAYANI - massages, yoga, naturopathie\" data-id-projet=\"d9e9e712ca5e4cb4aa4146cd0d056d7c\">Chargement en cours&#8230;<\/div>\r\n<p><script type=\"text\/javascript\" src=\"https:\/\/reservation.elloha.com\/Scripts\/widget-loader.min.js?v=39\"><\/script> <script type=\"text\/javascript\">var constellationWidgetUrld9e9e712ca5e4cb4aa4146cd0d056d7c, constellationTypeModuled9e9e712ca5e4cb4aa4146cd0d056d7c; constellationWidgetUrld9e9e712ca5e4cb4aa4146cd0d056d7c = 'https:\/\/reservation.elloha.com\/Widget\/BookingEngine\/d9e9e712-ca5e-4cb4-aa41-46cd0d056d7c?idoi=35f661a2-49f1-434d-9b89-da762acc0b3d&culture=fr-FR'; constellationTypeModuled9e9e712ca5e4cb4aa4146cd0d056d7c=1; constellationWidgetLoad('ConstellationWidgetContainerd9e9e712-ca5e-4cb4-aa41-46cd0d056d7c'); constellationWidgetAddEvent(window, \"resize\", function () { constellationWidgetSetAppearance('ConstellationWidgetContainerd9e9e712-ca5e-4cb4-aa41-46cd0d056d7c'); });<\/script><\/p>\r\n<p>[\/vc_column_text][\/vc_column][\/vc_row]<\/p>","protected":false},"excerpt":{"rendered":"<p>[vc_row][vc_column][vc_column_text][\/vc_column_text][\/vc_column][\/vc_row][vc_row][vc_column][vc_column_text][\/vc_column_text][\/vc_column][\/vc_row][vc_row][vc_column][vc_column_text] CHOISISSEZ LA PR\u00c9VENTION VIVRE MIEUX, R\u00c9CUP\u00c9RER, S&#8217;AUTO-GU\u00c9RIR, RESTER EN BONNE SANT\u00c9, REVENIR \u00c0 SOI\u2026 PAR LES SOINS NATURELLES [\/vc_column_text][vc_column_text] La Naturopathie est consid\u00e9r\u00e9e comme la m\u00e9decine traditionnelle pr\u00e9ventive. Elle voit la personne dans sa globalit\u00e9 avec un ensemble de m\u00e9thodes de soins naturels visant \u00e0 maintenir, restaurer, renforcer les d\u00e9fenses et l\u2019\u00e9quilibre du corps, [&hellip;]<\/p>\n","protected":false},"author":2,"featured_media":0,"parent":0,"menu_order":0,"comment_status":"closed","ping_status":"closed","template":"","meta":{"_glsr_average":0,"_glsr_ranking":0,"_glsr_reviews":0,"footnotes":""},"class_list":["post-3044","page","type-page","status-publish","hentry"],"yoast_head":"<!-- This site is optimized with the Yoast SEO plugin v27.4 - https:\/\/yoast.com\/product\/yoast-seo-wordpress\/ -->\n<title>Naturopathie dans les Landes - Naturopathe dipl\u00f4m\u00e9e<\/title>\n<meta name=\"description\" content=\"Naturopathie dans la Landes. S\u00e9ances assur\u00e9es par Jana, Naturopathe dipl\u00f4m\u00e9e. Situ\u00e9 proche de l&#039;Oc\u00e9an. R\u00e9servez vos s\u00e9ances au : 06.43.50.38.14\" \/>\n<meta name=\"robots\" content=\"index, follow, max-snippet:-1, max-image-preview:large, max-video-preview:-1\" \/>\n<link rel=\"canonical\" href=\"https:\/\/gayani-yoga.com\/index.php\/naturopathie-landes\/\" \/>\n<meta property=\"og:locale\" content=\"fr_FR\" \/>\n<meta property=\"og:type\" content=\"article\" \/>\n<meta property=\"og:title\" content=\"Naturopathie dans les Landes - Naturopathe dipl\u00f4m\u00e9e\" \/>\n<meta property=\"og:description\" content=\"Naturopathie dans la Landes. S\u00e9ances assur\u00e9es par Jana, Naturopathe dipl\u00f4m\u00e9e. Situ\u00e9 proche de l&#039;Oc\u00e9an. R\u00e9servez vos s\u00e9ances au : 06.43.50.38.14\" \/>\n<meta property=\"og:url\" content=\"https:\/\/gayani-yoga.com\/index.php\/naturopathie-landes\/\" \/>\n<meta property=\"og:site_name\" content=\"Gayani Yoga\" \/>\n<meta property=\"article:publisher\" content=\"https:\/\/www.facebook.com\/gayaniyoga\/\" \/>\n<meta property=\"article:modified_time\" content=\"2025-06-11T18:30:57+00:00\" \/>\n<meta property=\"og:image\" content=\"https:\/\/gayani-yoga.com\/wp-content\/uploads\/2018\/07\/Naturopathie.png\" \/>\n\t<meta property=\"og:image:width\" content=\"877\" \/>\n\t<meta property=\"og:image:height\" content=\"302\" \/>\n\t<meta property=\"og:image:type\" content=\"image\/png\" \/>\n<meta name=\"twitter:card\" content=\"summary_large_image\" \/>\n<meta name=\"twitter:label1\" content=\"Dur\u00e9e de lecture estim\u00e9e\" \/>\n\t<meta name=\"twitter:data1\" content=\"2 minutes\" \/>\n<script type=\"application\/ld+json\" class=\"yoast-schema-graph\">{\"@context\":\"https:\\\/\\\/schema.org\",\"@graph\":[{\"@type\":\"WebPage\",\"@id\":\"https:\\\/\\\/gayani-yoga.com\\\/index.php\\\/naturopathie-landes\\\/\",\"url\":\"https:\\\/\\\/gayani-yoga.com\\\/index.php\\\/naturopathie-landes\\\/\",\"name\":\"Naturopathie dans les Landes - Naturopathe dipl\u00f4m\u00e9e\",\"isPartOf\":{\"@id\":\"https:\\\/\\\/gayani-yoga.com\\\/#website\"},\"primaryImageOfPage\":{\"@id\":\"https:\\\/\\\/gayani-yoga.com\\\/index.php\\\/naturopathie-landes\\\/#primaryimage\"},\"image\":{\"@id\":\"https:\\\/\\\/gayani-yoga.com\\\/index.php\\\/naturopathie-landes\\\/#primaryimage\"},\"thumbnailUrl\":\"https:\\\/\\\/gayani-yoga.com\\\/wp-content\\\/uploads\\\/2018\\\/07\\\/Naturopathie.png\",\"datePublished\":\"2018-08-06T14:27:59+00:00\",\"dateModified\":\"2025-06-11T18:30:57+00:00\",\"description\":\"Naturopathie dans la Landes. S\u00e9ances assur\u00e9es par Jana, Naturopathe dipl\u00f4m\u00e9e. Situ\u00e9 proche de l'Oc\u00e9an. R\u00e9servez vos s\u00e9ances au : 06.43.50.38.14\",\"breadcrumb\":{\"@id\":\"https:\\\/\\\/gayani-yoga.com\\\/index.php\\\/naturopathie-landes\\\/#breadcrumb\"},\"inLanguage\":\"fr-FR\",\"potentialAction\":[{\"@type\":\"ReadAction\",\"target\":[\"https:\\\/\\\/gayani-yoga.com\\\/index.php\\\/naturopathie-landes\\\/\"]}]},{\"@type\":\"ImageObject\",\"inLanguage\":\"fr-FR\",\"@id\":\"https:\\\/\\\/gayani-yoga.com\\\/index.php\\\/naturopathie-landes\\\/#primaryimage\",\"url\":\"https:\\\/\\\/gayani-yoga.com\\\/wp-content\\\/uploads\\\/2018\\\/07\\\/Naturopathie.png\",\"contentUrl\":\"https:\\\/\\\/gayani-yoga.com\\\/wp-content\\\/uploads\\\/2018\\\/07\\\/Naturopathie.png\",\"width\":877,\"height\":302},{\"@type\":\"BreadcrumbList\",\"@id\":\"https:\\\/\\\/gayani-yoga.com\\\/index.php\\\/naturopathie-landes\\\/#breadcrumb\",\"itemListElement\":[{\"@type\":\"ListItem\",\"position\":1,\"name\":\"Accueil\",\"item\":\"https:\\\/\\\/gayani-yoga.com\\\/\"},{\"@type\":\"ListItem\",\"position\":2,\"name\":\"Naturopathie\"}]},{\"@type\":\"WebSite\",\"@id\":\"https:\\\/\\\/gayani-yoga.com\\\/#website\",\"url\":\"https:\\\/\\\/gayani-yoga.com\\\/\",\"name\":\"Gayani Yoga\",\"description\":\"\",\"potentialAction\":[{\"@type\":\"SearchAction\",\"target\":{\"@type\":\"EntryPoint\",\"urlTemplate\":\"https:\\\/\\\/gayani-yoga.com\\\/?s={search_term_string}\"},\"query-input\":{\"@type\":\"PropertyValueSpecification\",\"valueRequired\":true,\"valueName\":\"search_term_string\"}}],\"inLanguage\":\"fr-FR\"}]}<\/script>\n<!-- \/ Yoast SEO plugin. -->","yoast_head_json":{"title":"Naturopathie dans les Landes - Naturopathe dipl\u00f4m\u00e9e","description":"Naturopathie dans la Landes. S\u00e9ances assur\u00e9es par Jana, Naturopathe dipl\u00f4m\u00e9e. Situ\u00e9 proche de l'Oc\u00e9an. R\u00e9servez vos s\u00e9ances au : 06.43.50.38.14","robots":{"index":"index","follow":"follow","max-snippet":"max-snippet:-1","max-image-preview":"max-image-preview:large","max-video-preview":"max-video-preview:-1"},"canonical":"https:\/\/gayani-yoga.com\/index.php\/naturopathie-landes\/","og_locale":"fr_FR","og_type":"article","og_title":"Naturopathie dans les Landes - Naturopathe dipl\u00f4m\u00e9e","og_description":"Naturopathie dans la Landes. S\u00e9ances assur\u00e9es par Jana, Naturopathe dipl\u00f4m\u00e9e. Situ\u00e9 proche de l'Oc\u00e9an. R\u00e9servez vos s\u00e9ances au : 06.43.50.38.14","og_url":"https:\/\/gayani-yoga.com\/index.php\/naturopathie-landes\/","og_site_name":"Gayani Yoga","article_publisher":"https:\/\/www.facebook.com\/gayaniyoga\/","article_modified_time":"2025-06-11T18:30:57+00:00","og_image":[{"width":877,"height":302,"url":"https:\/\/gayani-yoga.com\/wp-content\/uploads\/2018\/07\/Naturopathie.png","type":"image\/png"}],"twitter_card":"summary_large_image","twitter_misc":{"Dur\u00e9e de lecture estim\u00e9e":"2 minutes"},"schema":{"@context":"https:\/\/schema.org","@graph":[{"@type":"WebPage","@id":"https:\/\/gayani-yoga.com\/index.php\/naturopathie-landes\/","url":"https:\/\/gayani-yoga.com\/index.php\/naturopathie-landes\/","name":"Naturopathie dans les Landes - Naturopathe dipl\u00f4m\u00e9e","isPartOf":{"@id":"https:\/\/gayani-yoga.com\/#website"},"primaryImageOfPage":{"@id":"https:\/\/gayani-yoga.com\/index.php\/naturopathie-landes\/#primaryimage"},"image":{"@id":"https:\/\/gayani-yoga.com\/index.php\/naturopathie-landes\/#primaryimage"},"thumbnailUrl":"https:\/\/gayani-yoga.com\/wp-content\/uploads\/2018\/07\/Naturopathie.png","datePublished":"2018-08-06T14:27:59+00:00","dateModified":"2025-06-11T18:30:57+00:00","description":"Naturopathie dans la Landes. S\u00e9ances assur\u00e9es par Jana, Naturopathe dipl\u00f4m\u00e9e. Situ\u00e9 proche de l'Oc\u00e9an. R\u00e9servez vos s\u00e9ances au : 06.43.50.38.14","breadcrumb":{"@id":"https:\/\/gayani-yoga.com\/index.php\/naturopathie-landes\/#breadcrumb"},"inLanguage":"fr-FR","potentialAction":[{"@type":"ReadAction","target":["https:\/\/gayani-yoga.com\/index.php\/naturopathie-landes\/"]}]},{"@type":"ImageObject","inLanguage":"fr-FR","@id":"https:\/\/gayani-yoga.com\/index.php\/naturopathie-landes\/#primaryimage","url":"https:\/\/gayani-yoga.com\/wp-content\/uploads\/2018\/07\/Naturopathie.png","contentUrl":"https:\/\/gayani-yoga.com\/wp-content\/uploads\/2018\/07\/Naturopathie.png","width":877,"height":302},{"@type":"BreadcrumbList","@id":"https:\/\/gayani-yoga.com\/index.php\/naturopathie-landes\/#breadcrumb","itemListElement":[{"@type":"ListItem","position":1,"name":"Accueil","item":"https:\/\/gayani-yoga.com\/"},{"@type":"ListItem","position":2,"name":"Naturopathie"}]},{"@type":"WebSite","@id":"https:\/\/gayani-yoga.com\/#website","url":"https:\/\/gayani-yoga.com\/","name":"Gayani Yoga","description":"","potentialAction":[{"@type":"SearchAction","target":{"@type":"EntryPoint","urlTemplate":"https:\/\/gayani-yoga.com\/?s={search_term_string}"},"query-input":{"@type":"PropertyValueSpecification","valueRequired":true,"valueName":"search_term_string"}}],"inLanguage":"fr-FR"}]}},"post_mailing_queue_ids":[],"_links":{"self":[{"href":"https:\/\/gayani-yoga.com\/index.php\/wp-json\/wp\/v2\/pages\/3044","targetHints":{"allow":["GET"]}}],"collection":[{"href":"https:\/\/gayani-yoga.com\/index.php\/wp-json\/wp\/v2\/pages"}],"about":[{"href":"https:\/\/gayani-yoga.com\/index.php\/wp-json\/wp\/v2\/types\/page"}],"author":[{"embeddable":true,"href":"https:\/\/gayani-yoga.com\/index.php\/wp-json\/wp\/v2\/users\/2"}],"replies":[{"embeddable":true,"href":"https:\/\/gayani-yoga.com\/index.php\/wp-json\/wp\/v2\/comments?post=3044"}],"version-history":[{"count":27,"href":"https:\/\/gayani-yoga.com\/index.php\/wp-json\/wp\/v2\/pages\/3044\/revisions"}],"predecessor-version":[{"id":5530,"href":"https:\/\/gayani-yoga.com\/index.php\/wp-json\/wp\/v2\/pages\/3044\/revisions\/5530"}],"wp:attachment":[{"href":"https:\/\/gayani-yoga.com\/index.php\/wp-json\/wp\/v2\/media?parent=3044"}],"curies":[{"name":"wp","href":"https:\/\/api.w.org\/{rel}","templated":true}]}}