{"id":1922,"date":"2018-04-12T14:07:07","date_gmt":"2018-04-12T14:07:07","guid":{"rendered":"https:\/\/gayani-yoga.com\/?page_id=1922"},"modified":"2025-06-20T14:39:51","modified_gmt":"2025-06-20T12:39:51","slug":"massage-2","status":"publish","type":"page","link":"https:\/\/gayani-yoga.com\/index.php\/de\/massage-2\/","title":{"rendered":"MASSAGE-DE"},"content":{"rendered":"<p>[vc_row][vc_column][vc_separator color=&#8221;black&#8221;][\/vc_column][\/vc_row][vc_row][vc_column][vc_column_text]<img loading=\"lazy\" decoding=\"async\" class=\"aligncenter size-full wp-image-2201\" src=\"https:\/\/gayani-yoga.com\/wp-content\/uploads\/2018\/04\/Massage-1.jpg\" alt=\"\" width=\"315\" height=\"130\" srcset=\"https:\/\/gayani-yoga.com\/wp-content\/uploads\/2018\/04\/Massage-1.jpg 315w, https:\/\/gayani-yoga.com\/wp-content\/uploads\/2018\/04\/Massage-1-300x124.jpg 300w\" sizes=\"auto, (max-width: 315px) 100vw, 315px\" \/>[\/vc_column_text][\/vc_column][\/vc_row][vc_row][vc_column][vc_column_text]Als in Deutschland autorisierte und gepr\u00fcfte Heilpraktikerin bietet Jana Ihnen folgende naturheilkundliche holistische Therapien an:<\/p>\n<p>Reflexzonentherapie (F\u00fcsse, Ohren und Kopf\/ Gesicht), Aromatherapie, Klangtherapie, manuelle Therapie (Deep Tissue), Bachbl\u00fcten, Ayurveda, Yogatherapie und Ern\u00e4hrungsberatung.<\/p>\n<p>Allen Massage-Behandlungen ist eine ca.10-min\u00fctige Anamnese und Beratung inklusive, um die Anwendung gezielt auf Ihre Bed\u00fcrfnisse auszurichten.<\/p>\n<p>Naturheilkundliche Methoden k\u00f6nnen Ihnen helfen Stress zu reduzieren, Gewicht zu verlieren, Einschr\u00e4nkungen des Bewegungsappartes zu reduzieren (z.B. R\u00fcckenschmerzen, Gelenksprobleme), chronische Erkrankungen zu lindern, in Einklang mit sich selbst zu kommen.<\/p>\n<p>Falls Sie ein bestimmtes Anliegen haben, empfehle ich Ihnen einen Termin zu einer umfassenden Beratung und Coaching. Diese beinhaltet sowohl Ern\u00e4hrungsberatung als auch Yogatherapie mit \u00dcbungsplan.[\/vc_column_text][vc_separator color=&#8221;black&#8221; el_width=&#8221;60&#8243;][\/vc_column][\/vc_row][vc_row css=&#8221;.vc_custom_1523275030294{margin-top: -39px !important;}&#8221;][vc_column][vc_column_text]<img loading=\"lazy\" decoding=\"async\" class=\"size-full wp-image-1445 aligncenter\" src=\"https:\/\/gayani-yoga.com\/wp-content\/uploads\/2018\/03\/4M4A1820.jpg\" alt=\"\" width=\"5460\" height=\"1368\" srcset=\"https:\/\/gayani-yoga.com\/wp-content\/uploads\/2018\/03\/4M4A1820.jpg 5460w, https:\/\/gayani-yoga.com\/wp-content\/uploads\/2018\/03\/4M4A1820-300x75.jpg 300w, https:\/\/gayani-yoga.com\/wp-content\/uploads\/2018\/03\/4M4A1820-768x192.jpg 768w, https:\/\/gayani-yoga.com\/wp-content\/uploads\/2018\/03\/4M4A1820-1024x257.jpg 1024w\" sizes=\"auto, (max-width: 5460px) 100vw, 5460px\" \/>[\/vc_column_text][\/vc_column][\/vc_row][vc_row][vc_column width=&#8221;1\/4&#8243; css=&#8221;.vc_custom_1523275508870{padding-top: 30px !important;padding-right: 30px !important;padding-left: 30px !important;}&#8221;][vc_column_text]<\/p>\n<h3 style=\"text-align: center; color: #fe7700; font-weight: bold;\">Ayurveda<\/h3>\n<h3 style=\"text-align: center; color: #fe7700; font-weight: bold;\">Abhyanga<\/h3>\n<p style=\"text-align: justify;\">Die Abhyanga-Ganzk\u00f6rpermassage entspannt, st\u00e4rkt das Immunsystem, wirkt verj\u00fcngend und hat insgesamt eine Art reinigenden und befreienden Effekt. Das Auftragen des warmen \u00d6ls wirkt kr\u00e4ftigend und n\u00e4hrend auf den Bewegungsapparat und stabilisierend auf das Gem\u00fct.<\/p>\n<h3 style=\"text-align: center;\"><strong><span style=\"color: #ff6600;\">Marma Abhyanga<br \/>\n<\/span><\/strong><\/h3>\n<p>In dieser traditionellen Ganzk\u00f6rpermassage werden durch leichten Druck die 108 Marma Punkte und die entsprechenden inneren Organe positiv stimuliert. Durch die Behandlung dieser Vitalpunkte die als Sitz des Lebens gelten, kann die Gesundheit gest\u00e4rkt und Stress abgebaut\u00a0 werden. Sie ist indiziert bei M\u00fcdigkeit, Ersch\u00f6pfung. Sie kr\u00e4ftigt das Immunsystem und Nervensystem und f\u00f6rdert den Energiefluss.<\/p>\n<h3><span style=\"font-family: terminal, monaco, monospace; font-size: 12pt;\">\u00a0<\/span><\/h3>\n<p>[\/vc_column_text][\/vc_column][vc_column width=&#8221;1\/4&#8243; css=&#8221;.vc_custom_1523275518636{padding-top: 30px !important;padding-right: 30px !important;padding-left: 30px !important;}&#8221;][vc_column_text]<\/p>\n<h3 style=\"text-align: center; color: #fe7700; font-weight: bold;\">Deep Tissue\/Osteotherapie<\/h3>\n<p style=\"text-align: justify;\">Massage mit Anwendung der Knapschen Punkte zum L\u00f6sen von Schmerzpunkten, Verspannungen, Muskelkater. Chronische und posttraumatische Schmerzen k\u00f6nnen gelindert werden. Auch nach k\u00f6rperlicher Anstrengung und Sport (z.B. Surfen, Fahrrad) ist diese Behandlung empfehlenswert. Einschr\u00e4nkungen im Bewegungsapparat (Nackenschmerzen, R\u00fcckenschmerzen, Belastung der Beine) durch zu wenig oder einseitige Bewegung k\u00f6nnen zudem behoben werden.<\/p>\n<p>[\/vc_column_text][\/vc_column][vc_column width=&#8221;1\/4&#8243; css=&#8221;.vc_custom_1523275528367{padding-top: 30px !important;padding-right: 30px !important;padding-left: 30px !important;}&#8221;][vc_column_text]<\/p>\n<h3 style=\"text-align: center; color: #fe7700; font-weight: bold;\">Gesichts- und Kopfreflexzonenmassage<\/h3>\n<p style=\"text-align: justify;\">Entspannende Massage zum Stressabbau, stimuliert die Kopfhaut und die Gesichtsmuskulatur. Akupressur an Reflexpunkten im Gesicht und auf der Kopfhaut kann bestimmte Bereiche und den gesamten K\u00f6rper stimulieren. Die Behandlung umfasst Phonophorese.<\/p>\n<p>[\/vc_column_text][vc_column_text]<\/p>\n<h3 style=\"text-align: center; color: #fe7700; font-weight: bold;\">Fu\u00dfreflexzonen-massage<\/h3>\n<p style=\"text-align: justify;\">Durch eine Druckpunktmassage der entsprechenden Stellen am Fu\u00df wird gesamthaft eine Verbesserung gest\u00f6rter Organ- und Gewebefunktionen des Menschen erreicht.<\/p>\n<p>[\/vc_column_text][\/vc_column][vc_column width=&#8221;1\/4&#8243; css=&#8221;.vc_custom_1523275546215{padding-top: 30px !important;padding-right: 30px !important;padding-left: 30px !important;}&#8221;][vc_column_text]<\/p>\n<h3 style=\"text-align: center; color: #fe7700; font-weight: bold;\">Phonophorese<\/h3>\n<p>Stimmgabeln werden an bestimmten Punkten entlang der Meridiane der Traditionellen Chinesischen Medizin (TCM), die in der Akupunktur verwendet werden, sowie an den sieben Chakren (Energiezentren der indischen Tradition) und an den Bereichen der Fu\u00df- oder Handfl\u00e4chenreflexzonenmassage und der Aurikulotherapie in der N\u00e4he der Ohren platziert. Diese Stimulation kann der Klangakupunktur \u00e4hneln.<\/p>\n<p>Nach dem Anschlagen der Stimmgabel wird die abgerundete Spitze mit m\u00e4\u00dfigem Druck auf den gew\u00e4hlten Punkt aufgesetzt und 10 bis 20 Sekunden lang vibriert.<\/p>\n<p>Phonophorese kann je nach Bedarf sowohl zur Entspannung als auch therapeutisch eingesetzt werden.[\/vc_column_text][\/vc_column][\/vc_row][vc_row css=&#8221;.vc_custom_1521636897997{margin-top: 50px !important;}&#8221;][vc_column width=&#8221;1\/6&#8243; css=&#8221;.vc_custom_1521630374884{padding: 10px !important;}&#8221;][vc_column_text]<img loading=\"lazy\" decoding=\"async\" class=\"alignnone wp-image-1452\" src=\"https:\/\/gayani-yoga.com\/wp-content\/uploads\/2018\/03\/4M4A1817-200x300.jpg\" alt=\"\" width=\"400\" height=\"600\" srcset=\"https:\/\/gayani-yoga.com\/wp-content\/uploads\/2018\/03\/4M4A1817-200x300.jpg 200w, https:\/\/gayani-yoga.com\/wp-content\/uploads\/2018\/03\/4M4A1817-768x1152.jpg 768w, https:\/\/gayani-yoga.com\/wp-content\/uploads\/2018\/03\/4M4A1817-683x1024.jpg 683w\" sizes=\"auto, (max-width: 400px) 100vw, 400px\" \/>[\/vc_column_text][\/vc_column][vc_column width=&#8221;1\/6&#8243; css=&#8221;.vc_custom_1521630391080{padding: 10px !important;}&#8221;][vc_column_text]<img loading=\"lazy\" decoding=\"async\" class=\"alignnone wp-image-1453\" src=\"https:\/\/gayani-yoga.com\/wp-content\/uploads\/2018\/03\/4M4A1858-200x300.jpg\" alt=\"\" width=\"400\" height=\"600\" srcset=\"https:\/\/gayani-yoga.com\/wp-content\/uploads\/2018\/03\/4M4A1858-200x300.jpg 200w, https:\/\/gayani-yoga.com\/wp-content\/uploads\/2018\/03\/4M4A1858-768x1152.jpg 768w, https:\/\/gayani-yoga.com\/wp-content\/uploads\/2018\/03\/4M4A1858-683x1024.jpg 683w\" sizes=\"auto, (max-width: 400px) 100vw, 400px\" \/>[\/vc_column_text][\/vc_column][vc_column width=&#8221;1\/6&#8243; css=&#8221;.vc_custom_1524643746280{margin-left: 5% !important;}&#8221;][vc_column_text][\/vc_column_text][\/vc_column][vc_column width=&#8221;1\/2&#8243;][vc_column_text]<\/p>\n<h3 style=\"text-align: center; color: #fe7700; font-weight: bold;\">AyurYogaThaiMassage<br \/>\n(passives Yoga)<\/h3>\n<p>Das befreite K\u00f6rpergef\u00fchl nach einer AYTM l\u00e4sst sich vielleicht etwas mit dem Besuch einer intensiven Yogastunde, nach folgender Massage, umschreiben. Charakteristisch ist der ausgesprochen individuelle Ansatz. Es wird auf die gegenw\u00e4rtige Situation der Person mit seinen W\u00fcnschen, Anliegen und Bed\u00fcrfnissen eingegangen. Auf der Grundlage von ayurvedischem Denken werden individuell die passenden \u00dcbungen f\u00fcr den jeweiligen Menschen ausgesucht. Das breite Spektrum von Bewegungsabl\u00e4ufen; Mobilisationen; passiven Dehnungen; Stimulierungen energetischer Verl\u00e4ufe und den Vateya und Vishvase \u00dcbungen, dem therapeutischen Fliegen, macht jede Passive Yoga Stunde zu einem neuen Erlebnis.[\/vc_column_text][\/vc_column][\/vc_row][vc_row][vc_column width=&#8221;2\/3&#8243;][vc_column_text]<\/p>\n<h3 style=\"text-align: center; color: #fe7700; font-weight: bold;\">Klangschalenmassage<\/h3>\n<p>Bei einer Klangmassage werden die sanften und harmonischen Kl\u00e4nge \u00fcber das Geh\u00f6r aufgenommen und f\u00fchren schnell in eine tiefe Entspannung. Die rhythmischen Klangschwingungen \u00fcbertragen sich auf den K\u00f6rper und erzeugen eine feine Vibration, die oft wie eine Art \u201eMassage\u201c beschrieben wird.<br \/>\nW\u00e4hrend einer Klangmassage entsteht eine Atmosph\u00e4re von Sicherheit und Geborgenheit, in der es m\u00f6glich ist loszulassen \u2013 loszulassen von Stress, \u00c4ngsten, Sorgen, Zweifeln und \u00e4hnlichen Gef\u00fchlen, die sich negativ auf unsere Gesundheit auswirken. In dieser wohltuenden Atmosph\u00e4re k\u00f6nnen wir wieder in Kontakt mit unseren Bed\u00fcrfnissen, unserer \u201einneren Weisheit\u201c kommen. Wir erleben unseren K\u00f6rper in einem wohligen Gef\u00fchl \u2013 nehmen ihn vielleicht seit l\u00e4ngerer Zeit erstmals wieder bewusst wahr. Die oft kreisenden Gedanken kommen zur Ruhe und unsere Seele erf\u00e4hrt Raum zur Entfaltung. Dies sind zentrale Aspekte f\u00fcr eine Gesundheit im ganzheitlichen Sinne. Sie sind die Basis f\u00fcr die Gestaltung eines freudigen, selbstbestimmten und kreativen Lebens.<br \/>\nFolgende Wirkmerkmale lassen sich zusammenfassen:<br \/>\n\u2022 Ganzheitliche Methode \u2013 spricht K\u00f6rper, Seele und Geist an<br \/>\n\u2022 Gibt umfassendes Klangangebot durch die vielf\u00e4ltigen obertonreichen, harmonischen und nat\u00fcrlichen Kl\u00e4nge der Klangschalen<br \/>\n\u2022 Bewirkt tiefe Entspannung<br \/>\n\u2022 St\u00e4rkt das urspr\u00fcngliche Vertrauen des Menschen<br \/>\n\u2022 Erleichtert das Loslassen<br \/>\n\u2022 Tr\u00e4gt zur Gesundheitsf\u00f6rderung bei: Harmonisierung, Regeneration, Vitalisierung<br \/>\n\u2022 Unterst\u00fctzt und verbessert die K\u00f6rperwahrnehmung<br \/>\n\u2022 Erm\u00f6glicht Zugang und Nutzung eigener Ressourcen<br \/>\n\u2022 St\u00e4rkt Selbstbewusstsein, Kreativit\u00e4t, Schaffenskraft und Motivation[\/vc_column_text][\/vc_column][vc_column width=&#8221;1\/3&#8243; css=&#8221;.vc_custom_1523279172734{margin-top: 50px !important;padding-top: 15px !important;padding-right: 15px !important;padding-bottom: 15px !important;padding-left: 15px !important;}&#8221;][vc_column_text]<img loading=\"lazy\" decoding=\"async\" class=\"aligncenter size-full wp-image-1710\" src=\"https:\/\/gayani-yoga.com\/wp-content\/uploads\/2018\/04\/Bols-sonores.jpg\" alt=\"\" width=\"1360\" height=\"1155\" srcset=\"https:\/\/gayani-yoga.com\/wp-content\/uploads\/2018\/04\/Bols-sonores.jpg 1360w, https:\/\/gayani-yoga.com\/wp-content\/uploads\/2018\/04\/Bols-sonores-300x255.jpg 300w, https:\/\/gayani-yoga.com\/wp-content\/uploads\/2018\/04\/Bols-sonores-768x652.jpg 768w, https:\/\/gayani-yoga.com\/wp-content\/uploads\/2018\/04\/Bols-sonores-1024x870.jpg 1024w\" sizes=\"auto, (max-width: 1360px) 100vw, 1360px\" \/>[\/vc_column_text][\/vc_column][\/vc_row][vc_row][vc_column][vc_column_text]<\/p>\n<h3 style=\"text-align: center;\"><span style=\"color: #ff6600; font-family: georgia, palatino, serif; font-size: 18pt;\"><strong>Aromatherapie<\/strong><\/span><\/h3>\n<p>Die AromaTouch\u00ae Technik ist viel mehr als nur eine Anwendung mit duftendem \u00d6l &#8211; sie kann anhaltende Entspannung und Unterst\u00fctzung f\u00fcr K\u00f6rper , Geist und seele bewirken.<\/p>\n<p>Die AromaTouch\u00ae Technik ist so effektiv, weil die \u00d6le sowohl auf der k\u00f6rperlichen als auch auf der seelischen Ebene in h\u00f6chstem Ma\u00dfe arbeiten k\u00f6nnen. Sie k\u00f6nnen den gesamten Organismus bei der Reinigung und Regeneration der Zellen unterst\u00fctzen. Das autonome Nervensystem wird angeregt, wieder ins Gleichgewicht zu kommen (Hom\u00f6ostase).<span style=\"font-family: arial, helvetica, sans-serif;\"><br \/>\n<\/span>[\/vc_column_text][vc_column_text]<\/p>\n<h3 style=\"text-align: center;\"><span style=\"font-size: 18pt; color: #ff6600; font-family: georgia, palatino, serif;\"><strong>Tao Hands<\/strong><\/span><\/h3>\n<p style=\"text-align: justify;\">Tao Hands tragen eine hohe Frequenz und Schwingung und bringen durch Licht\u00fcbertragungen Seele, Herz, Geist und K\u00f6rper (Shen Qi Jing)\u00a0 auf allen Ebenen in Einklang. Diese Transformation kann sich auf viele Aspekte des Lebens auswirken, einschlie\u00dflich Gesundheit, Beziehungen, Finanzen, R\u00e4ume, Gesch\u00e4fte etc. Die Schwingung der Tao Hands tr\u00e4gt Liebe, Vergebung, Mitgef\u00fchl und Licht in sich und erh\u00f6ht somit das Wohlbefinden in allen Lebensbereichen und kann Blockaden aufl\u00f6sen. Die Behandlung findet ohne direkten k\u00f6rperlichen Kontakt im Sitzen statt.<\/p>\n<p>Die Behandlung kann zus\u00e4tzlich zu einer gebuchten Massage angewendet werden und besteht nicht als eigenst\u00e4ndiges Angebot.[\/vc_column_text][vc_column_text]<\/p>\n<div id=\"ConstellationWidgetContainerd9e9e712-ca5e-4cb4-aa41-46cd0d056d7c\" style=\"width: 100%;\" title=\"GAYANI - massages, yoga, naturopathie\" data-id-projet=\"d9e9e712ca5e4cb4aa4146cd0d056d7c\">Chargement en cours&#8230;<\/div>\n<p><script type=\"text\/javascript\" src=\"https:\/\/reservation.elloha.com\/Scripts\/widget-loader.min.js?v=39\"><\/script> <script type=\"text\/javascript\">var constellationWidgetUrld9e9e712ca5e4cb4aa4146cd0d056d7c, constellationTypeModuled9e9e712ca5e4cb4aa4146cd0d056d7c; constellationWidgetUrld9e9e712ca5e4cb4aa4146cd0d056d7c = 'https:\/\/reservation.elloha.com\/Widget\/BookingEngine\/d9e9e712-ca5e-4cb4-aa41-46cd0d056d7c?idoi=35f661a2-49f1-434d-9b89-da762acc0b3d&culture=fr-FR'; constellationTypeModuled9e9e712ca5e4cb4aa4146cd0d056d7c=1; constellationWidgetLoad('ConstellationWidgetContainerd9e9e712-ca5e-4cb4-aa41-46cd0d056d7c'); constellationWidgetAddEvent(window, \"resize\", function () { constellationWidgetSetAppearance('ConstellationWidgetContainerd9e9e712-ca5e-4cb4-aa41-46cd0d056d7c'); });<\/script>[\/vc_column_text][\/vc_column][\/vc_row]<\/p>\n","protected":false},"excerpt":{"rendered":"<p>[vc_row][vc_column][vc_separator color=&#8221;black&#8221;][\/vc_column][\/vc_row][vc_row][vc_column][vc_column_text][\/vc_column_text][\/vc_column][\/vc_row][vc_row][vc_column][vc_column_text]Als in Deutschland autorisierte und gepr\u00fcfte Heilpraktikerin bietet Jana Ihnen folgende naturheilkundliche holistische Therapien an: Reflexzonentherapie (F\u00fcsse, Ohren und Kopf\/ Gesicht), Aromatherapie, Klangtherapie, manuelle Therapie (Deep Tissue), Bachbl\u00fcten, Ayurveda, Yogatherapie und Ern\u00e4hrungsberatung. Allen Massage-Behandlungen ist eine ca.10-min\u00fctige Anamnese und Beratung inklusive, um die Anwendung gezielt auf Ihre Bed\u00fcrfnisse auszurichten. Naturheilkundliche Methoden k\u00f6nnen Ihnen helfen [&hellip;]<\/p>\n","protected":false},"author":2,"featured_media":0,"parent":0,"menu_order":0,"comment_status":"closed","ping_status":"closed","template":"","meta":{"_glsr_average":0,"_glsr_ranking":0,"_glsr_reviews":0,"footnotes":""},"class_list":["post-1922","page","type-page","status-publish","hentry"],"yoast_head":"<!-- This site is optimized with the Yoast SEO plugin v27.4 - https:\/\/yoast.com\/product\/yoast-seo-wordpress\/ -->\n<title>Entspannende Massage : Klassisches, Gesichts und Kopfmassage<\/title>\n<meta name=\"description\" content=\"Klassisches Massage und Massage apr\u00e8s Surf\/Bike, Schmerzpunkte, Verspannungen, Muskelkater. Kopfmassage Entspannende Massage gegen Alltagsstress\" \/>\n<meta name=\"robots\" content=\"index, follow, max-snippet:-1, max-image-preview:large, max-video-preview:-1\" \/>\n<link rel=\"canonical\" href=\"https:\/\/gayani-yoga.com\/index.php\/de\/massage-2\/\" \/>\n<meta property=\"og:locale\" content=\"fr_FR\" \/>\n<meta property=\"og:type\" content=\"article\" \/>\n<meta property=\"og:title\" content=\"Entspannende Massage : Klassisches, Gesichts und Kopfmassage\" \/>\n<meta property=\"og:description\" content=\"Klassisches Massage und Massage apr\u00e8s Surf\/Bike, Schmerzpunkte, Verspannungen, Muskelkater. Kopfmassage Entspannende Massage gegen Alltagsstress\" \/>\n<meta property=\"og:url\" content=\"https:\/\/gayani-yoga.com\/index.php\/de\/massage-2\/\" \/>\n<meta property=\"og:site_name\" content=\"Gayani Yoga\" \/>\n<meta property=\"article:publisher\" content=\"https:\/\/www.facebook.com\/gayaniyoga\/\" \/>\n<meta property=\"article:modified_time\" content=\"2025-06-20T12:39:51+00:00\" \/>\n<meta property=\"og:image\" content=\"https:\/\/gayani-yoga.com\/wp-content\/uploads\/2018\/04\/Massage-1.jpg\" \/>\n\t<meta property=\"og:image:width\" content=\"315\" \/>\n\t<meta property=\"og:image:height\" content=\"130\" \/>\n\t<meta property=\"og:image:type\" content=\"image\/jpeg\" \/>\n<meta name=\"twitter:card\" content=\"summary_large_image\" \/>\n<meta name=\"twitter:label1\" content=\"Dur\u00e9e de lecture estim\u00e9e\" \/>\n\t<meta name=\"twitter:data1\" content=\"6 minutes\" \/>\n<script type=\"application\/ld+json\" class=\"yoast-schema-graph\">{\"@context\":\"https:\\\/\\\/schema.org\",\"@graph\":[{\"@type\":\"WebPage\",\"@id\":\"https:\\\/\\\/gayani-yoga.com\\\/index.php\\\/de\\\/massage-2\\\/\",\"url\":\"https:\\\/\\\/gayani-yoga.com\\\/index.php\\\/de\\\/massage-2\\\/\",\"name\":\"Entspannende Massage : Klassisches, Gesichts und Kopfmassage\",\"isPartOf\":{\"@id\":\"https:\\\/\\\/gayani-yoga.com\\\/#website\"},\"primaryImageOfPage\":{\"@id\":\"https:\\\/\\\/gayani-yoga.com\\\/index.php\\\/de\\\/massage-2\\\/#primaryimage\"},\"image\":{\"@id\":\"https:\\\/\\\/gayani-yoga.com\\\/index.php\\\/de\\\/massage-2\\\/#primaryimage\"},\"thumbnailUrl\":\"https:\\\/\\\/gayani-yoga.com\\\/wp-content\\\/uploads\\\/2018\\\/04\\\/Massage-1.jpg\",\"datePublished\":\"2018-04-12T14:07:07+00:00\",\"dateModified\":\"2025-06-20T12:39:51+00:00\",\"description\":\"Klassisches Massage und Massage apr\u00e8s Surf\\\/Bike, Schmerzpunkte, Verspannungen, Muskelkater. Kopfmassage Entspannende Massage gegen Alltagsstress\",\"breadcrumb\":{\"@id\":\"https:\\\/\\\/gayani-yoga.com\\\/index.php\\\/de\\\/massage-2\\\/#breadcrumb\"},\"inLanguage\":\"fr-FR\",\"potentialAction\":[{\"@type\":\"ReadAction\",\"target\":[\"https:\\\/\\\/gayani-yoga.com\\\/index.php\\\/de\\\/massage-2\\\/\"]}]},{\"@type\":\"ImageObject\",\"inLanguage\":\"fr-FR\",\"@id\":\"https:\\\/\\\/gayani-yoga.com\\\/index.php\\\/de\\\/massage-2\\\/#primaryimage\",\"url\":\"https:\\\/\\\/gayani-yoga.com\\\/wp-content\\\/uploads\\\/2018\\\/04\\\/Massage-1.jpg\",\"contentUrl\":\"https:\\\/\\\/gayani-yoga.com\\\/wp-content\\\/uploads\\\/2018\\\/04\\\/Massage-1.jpg\",\"width\":315,\"height\":130},{\"@type\":\"BreadcrumbList\",\"@id\":\"https:\\\/\\\/gayani-yoga.com\\\/index.php\\\/de\\\/massage-2\\\/#breadcrumb\",\"itemListElement\":[{\"@type\":\"ListItem\",\"position\":1,\"name\":\"Accueil\",\"item\":\"https:\\\/\\\/gayani-yoga.com\\\/\"},{\"@type\":\"ListItem\",\"position\":2,\"name\":\"MASSAGE-DE\"}]},{\"@type\":\"WebSite\",\"@id\":\"https:\\\/\\\/gayani-yoga.com\\\/#website\",\"url\":\"https:\\\/\\\/gayani-yoga.com\\\/\",\"name\":\"Gayani Yoga\",\"description\":\"\",\"potentialAction\":[{\"@type\":\"SearchAction\",\"target\":{\"@type\":\"EntryPoint\",\"urlTemplate\":\"https:\\\/\\\/gayani-yoga.com\\\/?s={search_term_string}\"},\"query-input\":{\"@type\":\"PropertyValueSpecification\",\"valueRequired\":true,\"valueName\":\"search_term_string\"}}],\"inLanguage\":\"fr-FR\"}]}<\/script>\n<!-- \/ Yoast SEO plugin. -->","yoast_head_json":{"title":"Entspannende Massage : Klassisches, Gesichts und Kopfmassage","description":"Klassisches Massage und Massage apr\u00e8s Surf\/Bike, Schmerzpunkte, Verspannungen, Muskelkater. Kopfmassage Entspannende Massage gegen Alltagsstress","robots":{"index":"index","follow":"follow","max-snippet":"max-snippet:-1","max-image-preview":"max-image-preview:large","max-video-preview":"max-video-preview:-1"},"canonical":"https:\/\/gayani-yoga.com\/index.php\/de\/massage-2\/","og_locale":"fr_FR","og_type":"article","og_title":"Entspannende Massage : Klassisches, Gesichts und Kopfmassage","og_description":"Klassisches Massage und Massage apr\u00e8s Surf\/Bike, Schmerzpunkte, Verspannungen, Muskelkater. Kopfmassage Entspannende Massage gegen Alltagsstress","og_url":"https:\/\/gayani-yoga.com\/index.php\/de\/massage-2\/","og_site_name":"Gayani Yoga","article_publisher":"https:\/\/www.facebook.com\/gayaniyoga\/","article_modified_time":"2025-06-20T12:39:51+00:00","og_image":[{"width":315,"height":130,"url":"https:\/\/gayani-yoga.com\/wp-content\/uploads\/2018\/04\/Massage-1.jpg","type":"image\/jpeg"}],"twitter_card":"summary_large_image","twitter_misc":{"Dur\u00e9e de lecture estim\u00e9e":"6 minutes"},"schema":{"@context":"https:\/\/schema.org","@graph":[{"@type":"WebPage","@id":"https:\/\/gayani-yoga.com\/index.php\/de\/massage-2\/","url":"https:\/\/gayani-yoga.com\/index.php\/de\/massage-2\/","name":"Entspannende Massage : Klassisches, Gesichts und Kopfmassage","isPartOf":{"@id":"https:\/\/gayani-yoga.com\/#website"},"primaryImageOfPage":{"@id":"https:\/\/gayani-yoga.com\/index.php\/de\/massage-2\/#primaryimage"},"image":{"@id":"https:\/\/gayani-yoga.com\/index.php\/de\/massage-2\/#primaryimage"},"thumbnailUrl":"https:\/\/gayani-yoga.com\/wp-content\/uploads\/2018\/04\/Massage-1.jpg","datePublished":"2018-04-12T14:07:07+00:00","dateModified":"2025-06-20T12:39:51+00:00","description":"Klassisches Massage und Massage apr\u00e8s Surf\/Bike, Schmerzpunkte, Verspannungen, Muskelkater. Kopfmassage Entspannende Massage gegen Alltagsstress","breadcrumb":{"@id":"https:\/\/gayani-yoga.com\/index.php\/de\/massage-2\/#breadcrumb"},"inLanguage":"fr-FR","potentialAction":[{"@type":"ReadAction","target":["https:\/\/gayani-yoga.com\/index.php\/de\/massage-2\/"]}]},{"@type":"ImageObject","inLanguage":"fr-FR","@id":"https:\/\/gayani-yoga.com\/index.php\/de\/massage-2\/#primaryimage","url":"https:\/\/gayani-yoga.com\/wp-content\/uploads\/2018\/04\/Massage-1.jpg","contentUrl":"https:\/\/gayani-yoga.com\/wp-content\/uploads\/2018\/04\/Massage-1.jpg","width":315,"height":130},{"@type":"BreadcrumbList","@id":"https:\/\/gayani-yoga.com\/index.php\/de\/massage-2\/#breadcrumb","itemListElement":[{"@type":"ListItem","position":1,"name":"Accueil","item":"https:\/\/gayani-yoga.com\/"},{"@type":"ListItem","position":2,"name":"MASSAGE-DE"}]},{"@type":"WebSite","@id":"https:\/\/gayani-yoga.com\/#website","url":"https:\/\/gayani-yoga.com\/","name":"Gayani Yoga","description":"","potentialAction":[{"@type":"SearchAction","target":{"@type":"EntryPoint","urlTemplate":"https:\/\/gayani-yoga.com\/?s={search_term_string}"},"query-input":{"@type":"PropertyValueSpecification","valueRequired":true,"valueName":"search_term_string"}}],"inLanguage":"fr-FR"}]}},"post_mailing_queue_ids":[],"_links":{"self":[{"href":"https:\/\/gayani-yoga.com\/index.php\/wp-json\/wp\/v2\/pages\/1922","targetHints":{"allow":["GET"]}}],"collection":[{"href":"https:\/\/gayani-yoga.com\/index.php\/wp-json\/wp\/v2\/pages"}],"about":[{"href":"https:\/\/gayani-yoga.com\/index.php\/wp-json\/wp\/v2\/types\/page"}],"author":[{"embeddable":true,"href":"https:\/\/gayani-yoga.com\/index.php\/wp-json\/wp\/v2\/users\/2"}],"replies":[{"embeddable":true,"href":"https:\/\/gayani-yoga.com\/index.php\/wp-json\/wp\/v2\/comments?post=1922"}],"version-history":[{"count":40,"href":"https:\/\/gayani-yoga.com\/index.php\/wp-json\/wp\/v2\/pages\/1922\/revisions"}],"predecessor-version":[{"id":5564,"href":"https:\/\/gayani-yoga.com\/index.php\/wp-json\/wp\/v2\/pages\/1922\/revisions\/5564"}],"wp:attachment":[{"href":"https:\/\/gayani-yoga.com\/index.php\/wp-json\/wp\/v2\/media?parent=1922"}],"curies":[{"name":"wp","href":"https:\/\/api.w.org\/{rel}","templated":true}]}}