{"id":1479,"date":"2018-03-21T13:01:34","date_gmt":"2018-03-21T13:01:34","guid":{"rendered":"https:\/\/gayani-yoga.com\/?page_id=1479"},"modified":"2026-04-16T15:26:08","modified_gmt":"2026-04-16T13:26:08","slug":"tarifs-2","status":"publish","type":"page","link":"https:\/\/gayani-yoga.com\/index.php\/tarifs-2\/","title":{"rendered":"TARIFS"},"content":{"rendered":"<p>[vc_row][vc_column][vc_separator color=&#8221;black&#8221;][\/vc_column][\/vc_row][vc_row][vc_column][vc_column_text]<img loading=\"lazy\" decoding=\"async\" class=\"size-full wp-image-1480 aligncenter\" src=\"https:\/\/gayani-yoga.com\/wp-content\/uploads\/2018\/03\/Tarifs.jpg\" alt=\"\" width=\"218\" height=\"119\" \/>[\/vc_column_text][\/vc_column][\/vc_row][vc_row][vc_column][vc_separator color=&#8221;black&#8221; el_width=&#8221;60&#8243;][\/vc_column][\/vc_row][vc_row][vc_column][vc_column_text]<\/p>\n<div style=\"position: relative; z-index: 2;\"><img loading=\"lazy\" decoding=\"async\" class=\"size-full wp-image-1483 aligncenter\" src=\"https:\/\/gayani-yoga.com\/wp-content\/uploads\/2018\/03\/Yoga-massage.jpg\" alt=\"\" width=\"1135\" height=\"347\" srcset=\"https:\/\/gayani-yoga.com\/wp-content\/uploads\/2018\/03\/Yoga-massage.jpg 1135w, https:\/\/gayani-yoga.com\/wp-content\/uploads\/2018\/03\/Yoga-massage-300x92.jpg 300w, https:\/\/gayani-yoga.com\/wp-content\/uploads\/2018\/03\/Yoga-massage-768x235.jpg 768w, https:\/\/gayani-yoga.com\/wp-content\/uploads\/2018\/03\/Yoga-massage-1024x313.jpg 1024w\" sizes=\"auto, (max-width: 1135px) 100vw, 1135px\" \/><\/div>\n<p>[\/vc_column_text][\/vc_column][\/vc_row][vc_row content_full_width=&#8221;1&#8243; css=&#8221;.vc_custom_1526028303465{margin-top: -10px !important;margin-left: 50px !important;padding-bottom: 0px !important;background-color: #0a0a0a !important;}&#8221;][vc_column width=&#8221;1\/2&#8243; css=&#8221;.vc_custom_1559029887856{margin-top: 5px !important;margin-left: 5% !important;padding-top: 50px !important;background-color: #000000 !important;}&#8221;][vc_column_text]<\/p>\n<p style=\"font-weight: bold; color: #ffffff; font-size: 20px; text-align: center;\">SOINS<\/p>\n<hr style=\"width: 100%; background: #fff; margin-bottom: 30px;\" \/>\n<div class=\"col-md-6 col-sd-6 col-xs-12\">\n<p style=\"font-weight: bold; color: #fff; font-size: 20px; text-decoration: underline;\">60 min \/ 75\u20ac<\/p>\n<p><span style=\"color: #ffffff;\"><strong>. R\u00e9flexologie cr\u00e2nienne<\/strong><\/span><br \/>\n<span style=\"color: #ffffff;\"><strong>. R\u00e9flexologie plantaire<\/strong><\/span><br \/>\n<span style=\"color: #ffffff;\"><strong>. AyurYogaThai<\/strong><\/span><br \/>\n<span style=\"color: #ffffff;\"><strong>. Aromath\u00e9rapie<\/strong><\/span><br \/>\n<span style=\"color: #ffffff;\"><strong>. Sonoth\u00e9rapie<\/strong><\/span><\/p>\n<\/div>\n<div class=\"col-md-6 col-sd-6 col-xs-12\">\n<p style=\"font-weight: bold; color: #fff; font-size: 20px; text-decoration: underline;\">75min \/ 85\u20ac<\/p>\n<p><span style=\"color: #ffffff;\"><strong>. Massage ayurv\u00e9dique<\/strong><\/span><br \/>\n<span style=\"color: #ffffff;\"><strong>. Deep Tissue \/ Ost\u00e9otherapie<\/strong><\/span><br \/>\n<span style=\"color: #ffffff;\"><strong>. R\u00e9flexologie Combi-pied-cr\u00e2ne<\/strong><\/span><br \/>\n<span style=\"color: #ffffff;\"><strong>. <\/strong><\/span><\/p>\n<p style=\"font-weight: bold; color: #fff; font-size: 20px; text-decoration: underline;\">Offre suppl\u00e9mentaire<\/p>\n<p><span style=\"color: #ffffff; margin-left: 0%;\"><strong>. Massage du dos (25 min) +45 \u20ac<\/strong><\/span><br \/>\n<span style=\"color: #ffffff; margin-left: 0%;\"><strong>. Tao Hands +25 \u20ac<\/strong><\/span><br \/>\n<span style=\"color: #ffffff;\"><strong>.<\/strong><\/span><\/p>\n<\/div>\n<p style=\"font-weight: bold; color: #ffffff; font-size: 20px; text-align: center; margin-top: 320px;\">CONSULTATION &amp; COACHING: NATUROPATHIE, AYURV\u00c9DA &amp; YOGATH\u00c9RAPIE<\/p>\n<hr style=\"width: 100%; background: #fff; margin-bottom: 30px;\" \/>\n<p><span style=\"color: #ffffff;\"><strong>. Bilan de sant\u00e9<\/strong> <\/span><br \/>\n<span style=\"color: #ffffff;\"><strong>. Consultation: Nutrition, Fleurs de Bach, Aromath\u00e9rapie, Ayurv\u00e9da et Phytoth\u00e9rapie<\/strong> <\/span><br \/>\n<span style=\"color: #ffffff;\"><strong>. Yogath\u00e9rapie + Plan d&#8217;entrainement individuel<\/strong><\/span><br \/>\n<span style=\"color: #ffffff;\"><strong>.<\/strong><\/span><br \/>\n<span style=\"color: #ffffff;\"><strong>. Premi\u00e8re consultation 80 min &#8211; 75\u20ac \/ suivi 60 min &#8211; 65\u20ac<\/strong><\/span><br \/>\n<span style=\"color: #ffffff;\"><strong>. Package: premi\u00e8re consultation + 4x suivis 250\u20ac<\/strong><\/span><\/p>\n<hr style=\"width: 103%; background: #fff; margin-bottom: 30px; margin-top: 80px;\" \/>\n<p><em><span style=\"color: #ffffff; font-size: 30px;\">D\u00e9couvrez les offres hors saison<\/span><\/em><\/p>\n<p style=\"padding-left: 1px; text-align: center;\"><a href=\"&quot;https:\/\/www.ashtangalanka.com\"><em><span style=\"color: #ffffff; font-size: 30px;\">ICI<\/span><\/em><\/a><\/p>\n<hr style=\"width: 103%; background: #fff; margin-top: 20px; margin-bottom: 20px;\" \/>\n<p><span style=\"color: #ffffff;\">\u2022 Rendez-vous sur demande<\/span><br \/>\n<span style=\"color: #ffffff;\">\u2022 Inscription en ligne ou sur place (hors saison aussi par t\u00e9l\u00e9phone, Email)<\/span><\/p>\n<div style=\"margin-left: 20px; margin-bottom: 30px;\"><img loading=\"lazy\" decoding=\"async\" class=\"aligncenter size-full wp-image-1733\" src=\"https:\/\/gayani-yoga.com\/wp-content\/uploads\/2018\/04\/Jana-tarif.jpg\" alt=\"\" width=\"640\" height=\"851\" srcset=\"https:\/\/gayani-yoga.com\/wp-content\/uploads\/2018\/04\/Jana-tarif.jpg 640w, https:\/\/gayani-yoga.com\/wp-content\/uploads\/2018\/04\/Jana-tarif-226x300.jpg 226w\" sizes=\"auto, (max-width: 640px) 100vw, 640px\" \/><\/div>\n<p>[\/vc_column_text][vc_column_text]<\/p>\n<p style=\"font-weight: bold; color: #ffffff; font-size: 20px; text-align: center;\">SOINS<\/p>\n<hr style=\"width: 100%; background: #fff; margin-bottom: 30px;\" \/>\n<div class=\"col-md-6 col-sd-6 col-xs-12\">\n<p style=\"font-weight: bold; color: #fff; font-size: 20px; text-decoration: underline;\">60 min \/ 75\u20ac<\/p>\n<p><span style=\"color: #ffffff;\"><strong>. R\u00e9flexologie cr\u00e2nienne<\/strong><\/span><br \/>\n<span style=\"color: #ffffff;\"><strong>. R\u00e9flexologie plantaire<\/strong><\/span><br \/>\n<span style=\"color: #ffffff;\"><strong>. AyurYogaThai<\/strong><\/span><br \/>\n<span style=\"color: #ffffff;\"><strong>. Aromath\u00e9rapie<\/strong><\/span><br \/>\n<span style=\"color: #ffffff;\"><strong>. Sonoth\u00e9rapie<\/strong><\/span><\/p>\n<\/div>\n<div class=\"col-md-6 col-sd-6 col-xs-12\">\n<p style=\"font-weight: bold; color: #fff; font-size: 20px; text-decoration: underline;\">75min \/ 85\u20ac<\/p>\n<p><span style=\"color: #ffffff;\"><strong>. Massage ayurv\u00e9dique<\/strong><\/span><br \/>\n<span style=\"color: #ffffff;\"><strong>. Deep Tissue \/ Ost\u00e9otherapie<\/strong><\/span><br \/>\n<span style=\"color: #ffffff;\"><strong>. R\u00e9flexologie Combi-pied-cr\u00e2ne<\/strong><\/span><\/p>\n<\/div>\n<p style=\"font-weight: bold; color: #ffffff; font-size: 20px; text-align: center;\">Suppl\u00e9mentaire<\/p>\n<p><span style=\"color: #ffffff; margin-left: 0%;\"><strong>. Tao Hands +25\u20ac<\/strong><\/span><br \/>\n<span style=\"color: #ffffff; margin-left: 0%;\"><strong>. Massage du dos (25min) +45\u20ac<\/strong><\/span><\/p>\n<p style=\"font-weight: bold; color: #ffffff; font-size: 20px; text-align: center; margin-top: 320px;\">CONSULTATION &amp; COACHING: NATUROPATHIE, AYURV\u00c9DA &amp; YOGATH\u00c9RAPIE<\/p>\n<hr style=\"width: 100%; background: #fff; margin-bottom: 30px;\" \/>\n<p><span style=\"color: #ffffff;\"><strong>. Bilan de sant\u00e9<\/strong> <\/span><br \/>\n<span style=\"color: #ffffff;\"><strong>. Consultation: Nutrition, Fleurs de Bach, Aromath\u00e9rapie, Ayurv\u00e9da et Phytoth\u00e9rapie<\/strong> <\/span><br \/>\n<span style=\"color: #ffffff;\"><strong>. Yogath\u00e9rapie + Plan d&#8217;entrainement individuel<\/strong><\/span><br \/>\n<span style=\"color: #ffffff;\"><strong>.<\/strong><\/span><br \/>\n<span style=\"color: #ffffff;\"><strong>. Premi\u00e8re consultation 80 min &#8211; 75\u20ac \/ suivi 60 min &#8211; 65\u20ac<\/strong><\/span><br \/>\n<span style=\"color: #ffffff;\"><strong>. Package: premi\u00e8re consultation + 4x suivis 250\u20ac<\/strong><\/span><\/p>\n<hr style=\"width: 103%; background: #fff; margin-bottom: 30px; margin-top: 80px;\" \/>\n<p><em><span style=\"color: #ffffff; font-size: 30px;\">D\u00e9couvrez les offres hors saison<\/span><\/em><\/p>\n<p style=\"padding-left: 1px; text-align: center;\"><a href=\"https:\/\/gayani-yoga.com\/index.php\/package\/#package\"><em><span style=\"color: #ffffff; font-size: 30px;\">ICI<\/span><\/em><\/a><\/p>\n<hr style=\"width: 103%; background: #fff; margin-top: 20px; margin-bottom: 20px;\" \/>\n<p><span style=\"color: #ffffff;\">\u2022 Rendez-vous sur demande<\/span><br \/>\n<span style=\"color: #ffffff;\">\u2022 Inscription en ligne ou sur place (hors saison aussi par t\u00e9l\u00e9phone, Email)<\/span><\/p>\n<div style=\"margin-left: 20px; margin-bottom: 30px;\"><img loading=\"lazy\" decoding=\"async\" class=\"aligncenter size-full wp-image-1733\" src=\"https:\/\/gayani-yoga.com\/wp-content\/uploads\/2018\/04\/Jana-tarif.jpg\" alt=\"\" width=\"640\" height=\"851\" srcset=\"https:\/\/gayani-yoga.com\/wp-content\/uploads\/2018\/04\/Jana-tarif.jpg 640w, https:\/\/gayani-yoga.com\/wp-content\/uploads\/2018\/04\/Jana-tarif-226x300.jpg 226w\" sizes=\"auto, (max-width: 640px) 100vw, 640px\" \/><\/div>\n<p>[\/vc_column_text][vc_column_text][\/vc_column_text][\/vc_column][vc_column width=&#8221;5\/12&#8243; css=&#8221;.vc_custom_1640883340721{margin-top: -10px !important;padding-top: 80px !important;padding-bottom: 100px !important;background-color: #ffffff !important;}&#8221;][vc_column_text]<\/p>\n<p style=\"text-align: center;\"><span style=\"color: #000000;\"><strong>YOGA en \u00e9t\u00e9 (juillet et ao\u00fbt)<\/strong><\/span><\/p>\n<div style=\"margin-bottom: 70px;\">\n<p><strong>\u00a0\u00a0\u00a0 \u2022 Yoga \u00e0 partir de 15<\/strong><strong>\u20ac\u00a0<\/strong><\/p>\n<\/div>\n<p style=\"text-align: center;\"><span style=\"color: #000000;\"><strong>YOGA\/-TH\u00c9RAPIE<\/strong><\/span><\/p>\n<div style=\"margin-bottom: 70px;\">\n<p><strong>\u00a0\u00a0\u00a0 \u2022 Yogath\u00e9rapie <\/strong>90 min <strong>&#8211; 75\u20ac \/ suivi <\/strong>60 min<strong> &#8211; 65\u20ac<\/strong><\/p>\n<p><strong> \u00a0 \u00a0 \u2022 Package YT <\/strong>1x90min + 4x 60 min<strong>\u00a0 &#8211; 250\u20ac<\/strong><\/p>\n<p><strong>\u00a0\u00a0\u00a0 \u2022 Cours priv\u00e9 <\/strong>60 min<strong> &#8211; 75\u20ac \/ <\/strong>90 min<strong> &#8211; 95\u20ac<br \/>\n<\/strong>\u00a0\u00a0\u00a0 + frais de d\u00e9placement\/ 1-4 pers inclus\/ +15 \/20\u20ac pers. supp.<\/p>\n<\/div>\n<hr \/>\n<div style=\"margin-bottom: 70px; margin-top: 50px;\">\n<p style=\"text-align: center;\"><span style=\"color: #000000;\"><strong>\u00a0YOGA RETRAITE DU 7. AU 14. NOVEMBRE<\/strong><\/span><\/p>\n<p><span style=\"color: #000000;\"><span style=\"font-size: 14pt;\">\u00a0\u00a0 \u2022 5x Ashtanga Mysore<\/span><\/span><\/p>\n<p><span style=\"color: #000000;\"><span style=\"font-size: 14pt;\">\u00a0\u00a0 \u2022 1x Cours guid\u00e9<\/span><\/span><\/p>\n<p><span style=\"color: #000000;\"><span style=\"font-size: 14pt;\">\u00a0\u00a0 \u2022 4x ateliers les apr\u00e8s-midis<\/span><\/span><\/p>\n<p><span style=\"color: #000000;\"><span style=\"font-size: 14pt;\">\u00a0\u00a0 \u2022 m\u00e9ditation et pranyama tous les jours<\/span><\/span><\/p>\n<p><span style=\"color: #000000;\"><span style=\"font-size: 14pt;\">\u00a0\u00a0 \u2022 pension compl\u00e8te bio inclus<\/span><\/span><\/p>\n<p><span style=\"color: #000000;\"><span style=\"font-size: 14pt;\">\u00a0\u00a0 \u2022 chambre simple\/ chambre double disponible<\/span><\/span><\/p>\n<p style=\"text-align: center;\"><span style=\"font-size: 14pt; color: #000000;\"><strong><br \/>\n\u00e0 partir de 775 \u20ac\u00a0<\/strong><\/span><\/p>\n<\/div>\n<hr \/>\n<div style=\"margin-bottom: 1px; margin-top: 50px;\">\n<p style=\"text-align: center;\"><strong>YOGA &amp; AYURVEDA<\/strong><\/p>\n<p><strong>\u00a0 \u00a0 \u2022 1x cours de yoga priv\u00e9 <\/strong><br \/>\n<strong>\u00a0\u00a0\u00a0 \u2022 1x massage ayurv\u00e9dique 90 min <\/strong><br \/>\n<strong>\u00a0\u00a0\u00a0 \u2022 1x consultation ayurv\u00e9dique et en Yogath\u00e9rapie<\/strong><br \/>\n<strong><br \/>\n<\/strong><\/p>\n<p style=\"text-align: center;\"><span style=\"font-size: 14pt; color: #000000;\"><strong>175 \u20ac<\/strong><\/span><\/p>\n<\/div>\n<hr \/>\n<div style=\"margin-bottom: 70px; margin-top: 50px;\">\n<p style=\"text-align: center;\"><strong>YOGA &amp; D\u00c9TOX<\/strong><\/p>\n<p><strong>\u00a0\u00a0\u00a0 \u2022 2x cours de yoga priv\u00e9<\/strong><br \/>\n<strong>\u00a0\u00a0\u00a0 \u2022 1x massage aux bols sonore 60 min<\/strong><br \/>\n<strong>\u00a0\u00a0\u00a0 \u2022 1x massage d\u00e9tox 60 min<\/strong><br \/>\n<strong>\u00a0\u00a0\u00a0 \u2022 plan d&#8217;entrainement et conseil en nutrition<\/strong><\/p>\n<p style=\"margin-bottom: 17px; text-align: center;\"><span style=\"font-size: 14pt; color: #000000;\"><strong>250 \u20ac<\/strong><\/span><\/p>\n<\/div>\n<p>[\/vc_column_text][\/vc_column][\/vc_row][vc_row][vc_column][vc_column_text][\/vc_column_text][\/vc_column][\/vc_row][vc_row][vc_column][vc_column_text]<\/p>\n<div id=\"ConstellationWidgetContainerd9e9e712-ca5e-4cb4-aa41-46cd0d056d7c\" style=\"width: 100%;\" title=\"GAYANI - massages, yoga, naturopathie\" data-id-projet=\"d9e9e712ca5e4cb4aa4146cd0d056d7c\">Chargement en cours&#8230;<\/div>\n<p><script type=\"text\/javascript\" src=\"https:\/\/reservation.elloha.com\/Scripts\/widget-loader.min.js?v=39\"><\/script> <script type=\"text\/javascript\">var constellationWidgetUrld9e9e712ca5e4cb4aa4146cd0d056d7c, constellationTypeModuled9e9e712ca5e4cb4aa4146cd0d056d7c; constellationWidgetUrld9e9e712ca5e4cb4aa4146cd0d056d7c = 'https:\/\/reservation.elloha.com\/Widget\/BookingEngine\/d9e9e712-ca5e-4cb4-aa41-46cd0d056d7c?idoi=35f661a2-49f1-434d-9b89-da762acc0b3d&culture=fr-FR'; constellationTypeModuled9e9e712ca5e4cb4aa4146cd0d056d7c=1; constellationWidgetLoad('ConstellationWidgetContainerd9e9e712-ca5e-4cb4-aa41-46cd0d056d7c'); constellationWidgetAddEvent(window, \"resize\", function () { constellationWidgetSetAppearance('ConstellationWidgetContainerd9e9e712-ca5e-4cb4-aa41-46cd0d056d7c'); });<\/script>[\/vc_column_text][\/vc_column][\/vc_row]<\/p>\n","protected":false},"excerpt":{"rendered":"<p>[vc_row][vc_column][vc_separator color=&#8221;black&#8221;][\/vc_column][\/vc_row][vc_row][vc_column][vc_column_text][\/vc_column_text][\/vc_column][\/vc_row][vc_row][vc_column][vc_separator color=&#8221;black&#8221; el_width=&#8221;60&#8243;][\/vc_column][\/vc_row][vc_row][vc_column][vc_column_text] [\/vc_column_text][\/vc_column][\/vc_row][vc_row content_full_width=&#8221;1&#8243; css=&#8221;.vc_custom_1526028303465{margin-top: -10px !important;margin-left: 50px !important;padding-bottom: 0px !important;background-color: #0a0a0a !important;}&#8221;][vc_column width=&#8221;1\/2&#8243; css=&#8221;.vc_custom_1559029887856{margin-top: 5px !important;margin-left: 5% !important;padding-top: 50px !important;background-color: #000000 !important;}&#8221;][vc_column_text] SOINS 60 min \/ 75\u20ac . R\u00e9flexologie cr\u00e2nienne . R\u00e9flexologie plantaire . AyurYogaThai . Aromath\u00e9rapie . Sonoth\u00e9rapie 75min \/ 85\u20ac . Massage ayurv\u00e9dique . Deep Tissue \/ Ost\u00e9otherapie . R\u00e9flexologie [&hellip;]<\/p>\n","protected":false},"author":2,"featured_media":0,"parent":0,"menu_order":0,"comment_status":"closed","ping_status":"closed","template":"","meta":{"_glsr_average":0,"_glsr_ranking":0,"_glsr_reviews":0,"footnotes":""},"class_list":["post-1479","page","type-page","status-publish","hentry"],"yoast_head":"<!-- This site is optimized with the Yoast SEO plugin v27.4 - https:\/\/yoast.com\/product\/yoast-seo-wordpress\/ -->\n<title>TARIFS - Gayani Yoga<\/title>\n<meta name=\"robots\" content=\"index, follow, max-snippet:-1, max-image-preview:large, max-video-preview:-1\" \/>\n<link rel=\"canonical\" href=\"https:\/\/gayani-yoga.com\/index.php\/tarifs-2\/\" \/>\n<meta property=\"og:locale\" content=\"fr_FR\" \/>\n<meta property=\"og:type\" content=\"article\" \/>\n<meta property=\"og:title\" content=\"TARIFS - Gayani Yoga\" \/>\n<meta property=\"og:description\" content=\"[vc_row][vc_column][vc_separator color=&#8221;black&#8221;][\/vc_column][\/vc_row][vc_row][vc_column][vc_column_text][\/vc_column_text][\/vc_column][\/vc_row][vc_row][vc_column][vc_separator color=&#8221;black&#8221; el_width=&#8221;60&#8243;][\/vc_column][\/vc_row][vc_row][vc_column][vc_column_text] [\/vc_column_text][\/vc_column][\/vc_row][vc_row content_full_width=&#8221;1&#8243; css=&#8221;.vc_custom_1526028303465{margin-top: -10px !important;margin-left: 50px !important;padding-bottom: 0px !important;background-color: #0a0a0a !important;}&#8221;][vc_column width=&#8221;1\/2&#8243; css=&#8221;.vc_custom_1559029887856{margin-top: 5px !important;margin-left: 5% !important;padding-top: 50px !important;background-color: #000000 !important;}&#8221;][vc_column_text] SOINS 60 min \/ 75\u20ac . R\u00e9flexologie cr\u00e2nienne . R\u00e9flexologie plantaire . AyurYogaThai . Aromath\u00e9rapie . Sonoth\u00e9rapie 75min \/ 85\u20ac . Massage ayurv\u00e9dique . Deep Tissue \/ Ost\u00e9otherapie . R\u00e9flexologie [&hellip;]\" \/>\n<meta property=\"og:url\" content=\"https:\/\/gayani-yoga.com\/index.php\/tarifs-2\/\" \/>\n<meta property=\"og:site_name\" content=\"Gayani Yoga\" \/>\n<meta property=\"article:publisher\" content=\"https:\/\/www.facebook.com\/gayaniyoga\/\" \/>\n<meta property=\"article:modified_time\" content=\"2026-04-16T13:26:08+00:00\" \/>\n<meta property=\"og:image\" content=\"https:\/\/gayani-yoga.com\/wp-content\/uploads\/2018\/03\/Tarifs.jpg\" \/>\n\t<meta property=\"og:image:width\" content=\"218\" \/>\n\t<meta property=\"og:image:height\" content=\"119\" \/>\n\t<meta property=\"og:image:type\" content=\"image\/jpeg\" \/>\n<meta name=\"twitter:card\" content=\"summary_large_image\" \/>\n<meta name=\"twitter:label1\" content=\"Dur\u00e9e de lecture estim\u00e9e\" \/>\n\t<meta name=\"twitter:data1\" content=\"3 minutes\" \/>\n<script type=\"application\/ld+json\" class=\"yoast-schema-graph\">{\"@context\":\"https:\\\/\\\/schema.org\",\"@graph\":[{\"@type\":\"WebPage\",\"@id\":\"https:\\\/\\\/gayani-yoga.com\\\/index.php\\\/tarifs-2\\\/\",\"url\":\"https:\\\/\\\/gayani-yoga.com\\\/index.php\\\/tarifs-2\\\/\",\"name\":\"TARIFS - Gayani Yoga\",\"isPartOf\":{\"@id\":\"https:\\\/\\\/gayani-yoga.com\\\/#website\"},\"primaryImageOfPage\":{\"@id\":\"https:\\\/\\\/gayani-yoga.com\\\/index.php\\\/tarifs-2\\\/#primaryimage\"},\"image\":{\"@id\":\"https:\\\/\\\/gayani-yoga.com\\\/index.php\\\/tarifs-2\\\/#primaryimage\"},\"thumbnailUrl\":\"https:\\\/\\\/gayani-yoga.com\\\/wp-content\\\/uploads\\\/2018\\\/03\\\/Tarifs.jpg\",\"datePublished\":\"2018-03-21T13:01:34+00:00\",\"dateModified\":\"2026-04-16T13:26:08+00:00\",\"breadcrumb\":{\"@id\":\"https:\\\/\\\/gayani-yoga.com\\\/index.php\\\/tarifs-2\\\/#breadcrumb\"},\"inLanguage\":\"fr-FR\",\"potentialAction\":[{\"@type\":\"ReadAction\",\"target\":[\"https:\\\/\\\/gayani-yoga.com\\\/index.php\\\/tarifs-2\\\/\"]}]},{\"@type\":\"ImageObject\",\"inLanguage\":\"fr-FR\",\"@id\":\"https:\\\/\\\/gayani-yoga.com\\\/index.php\\\/tarifs-2\\\/#primaryimage\",\"url\":\"https:\\\/\\\/gayani-yoga.com\\\/wp-content\\\/uploads\\\/2018\\\/03\\\/Tarifs.jpg\",\"contentUrl\":\"https:\\\/\\\/gayani-yoga.com\\\/wp-content\\\/uploads\\\/2018\\\/03\\\/Tarifs.jpg\",\"width\":218,\"height\":119},{\"@type\":\"BreadcrumbList\",\"@id\":\"https:\\\/\\\/gayani-yoga.com\\\/index.php\\\/tarifs-2\\\/#breadcrumb\",\"itemListElement\":[{\"@type\":\"ListItem\",\"position\":1,\"name\":\"Accueil\",\"item\":\"https:\\\/\\\/gayani-yoga.com\\\/\"},{\"@type\":\"ListItem\",\"position\":2,\"name\":\"TARIFS\"}]},{\"@type\":\"WebSite\",\"@id\":\"https:\\\/\\\/gayani-yoga.com\\\/#website\",\"url\":\"https:\\\/\\\/gayani-yoga.com\\\/\",\"name\":\"Gayani Yoga\",\"description\":\"\",\"potentialAction\":[{\"@type\":\"SearchAction\",\"target\":{\"@type\":\"EntryPoint\",\"urlTemplate\":\"https:\\\/\\\/gayani-yoga.com\\\/?s={search_term_string}\"},\"query-input\":{\"@type\":\"PropertyValueSpecification\",\"valueRequired\":true,\"valueName\":\"search_term_string\"}}],\"inLanguage\":\"fr-FR\"}]}<\/script>\n<!-- \/ Yoast SEO plugin. -->","yoast_head_json":{"title":"TARIFS - Gayani Yoga","robots":{"index":"index","follow":"follow","max-snippet":"max-snippet:-1","max-image-preview":"max-image-preview:large","max-video-preview":"max-video-preview:-1"},"canonical":"https:\/\/gayani-yoga.com\/index.php\/tarifs-2\/","og_locale":"fr_FR","og_type":"article","og_title":"TARIFS - Gayani Yoga","og_description":"[vc_row][vc_column][vc_separator color=&#8221;black&#8221;][\/vc_column][\/vc_row][vc_row][vc_column][vc_column_text][\/vc_column_text][\/vc_column][\/vc_row][vc_row][vc_column][vc_separator color=&#8221;black&#8221; el_width=&#8221;60&#8243;][\/vc_column][\/vc_row][vc_row][vc_column][vc_column_text] [\/vc_column_text][\/vc_column][\/vc_row][vc_row content_full_width=&#8221;1&#8243; css=&#8221;.vc_custom_1526028303465{margin-top: -10px !important;margin-left: 50px !important;padding-bottom: 0px !important;background-color: #0a0a0a !important;}&#8221;][vc_column width=&#8221;1\/2&#8243; css=&#8221;.vc_custom_1559029887856{margin-top: 5px !important;margin-left: 5% !important;padding-top: 50px !important;background-color: #000000 !important;}&#8221;][vc_column_text] SOINS 60 min \/ 75\u20ac . R\u00e9flexologie cr\u00e2nienne . R\u00e9flexologie plantaire . AyurYogaThai . Aromath\u00e9rapie . Sonoth\u00e9rapie 75min \/ 85\u20ac . Massage ayurv\u00e9dique . Deep Tissue \/ Ost\u00e9otherapie . R\u00e9flexologie [&hellip;]","og_url":"https:\/\/gayani-yoga.com\/index.php\/tarifs-2\/","og_site_name":"Gayani Yoga","article_publisher":"https:\/\/www.facebook.com\/gayaniyoga\/","article_modified_time":"2026-04-16T13:26:08+00:00","og_image":[{"width":218,"height":119,"url":"https:\/\/gayani-yoga.com\/wp-content\/uploads\/2018\/03\/Tarifs.jpg","type":"image\/jpeg"}],"twitter_card":"summary_large_image","twitter_misc":{"Dur\u00e9e de lecture estim\u00e9e":"3 minutes"},"schema":{"@context":"https:\/\/schema.org","@graph":[{"@type":"WebPage","@id":"https:\/\/gayani-yoga.com\/index.php\/tarifs-2\/","url":"https:\/\/gayani-yoga.com\/index.php\/tarifs-2\/","name":"TARIFS - Gayani Yoga","isPartOf":{"@id":"https:\/\/gayani-yoga.com\/#website"},"primaryImageOfPage":{"@id":"https:\/\/gayani-yoga.com\/index.php\/tarifs-2\/#primaryimage"},"image":{"@id":"https:\/\/gayani-yoga.com\/index.php\/tarifs-2\/#primaryimage"},"thumbnailUrl":"https:\/\/gayani-yoga.com\/wp-content\/uploads\/2018\/03\/Tarifs.jpg","datePublished":"2018-03-21T13:01:34+00:00","dateModified":"2026-04-16T13:26:08+00:00","breadcrumb":{"@id":"https:\/\/gayani-yoga.com\/index.php\/tarifs-2\/#breadcrumb"},"inLanguage":"fr-FR","potentialAction":[{"@type":"ReadAction","target":["https:\/\/gayani-yoga.com\/index.php\/tarifs-2\/"]}]},{"@type":"ImageObject","inLanguage":"fr-FR","@id":"https:\/\/gayani-yoga.com\/index.php\/tarifs-2\/#primaryimage","url":"https:\/\/gayani-yoga.com\/wp-content\/uploads\/2018\/03\/Tarifs.jpg","contentUrl":"https:\/\/gayani-yoga.com\/wp-content\/uploads\/2018\/03\/Tarifs.jpg","width":218,"height":119},{"@type":"BreadcrumbList","@id":"https:\/\/gayani-yoga.com\/index.php\/tarifs-2\/#breadcrumb","itemListElement":[{"@type":"ListItem","position":1,"name":"Accueil","item":"https:\/\/gayani-yoga.com\/"},{"@type":"ListItem","position":2,"name":"TARIFS"}]},{"@type":"WebSite","@id":"https:\/\/gayani-yoga.com\/#website","url":"https:\/\/gayani-yoga.com\/","name":"Gayani Yoga","description":"","potentialAction":[{"@type":"SearchAction","target":{"@type":"EntryPoint","urlTemplate":"https:\/\/gayani-yoga.com\/?s={search_term_string}"},"query-input":{"@type":"PropertyValueSpecification","valueRequired":true,"valueName":"search_term_string"}}],"inLanguage":"fr-FR"}]}},"post_mailing_queue_ids":[],"_links":{"self":[{"href":"https:\/\/gayani-yoga.com\/index.php\/wp-json\/wp\/v2\/pages\/1479","targetHints":{"allow":["GET"]}}],"collection":[{"href":"https:\/\/gayani-yoga.com\/index.php\/wp-json\/wp\/v2\/pages"}],"about":[{"href":"https:\/\/gayani-yoga.com\/index.php\/wp-json\/wp\/v2\/types\/page"}],"author":[{"embeddable":true,"href":"https:\/\/gayani-yoga.com\/index.php\/wp-json\/wp\/v2\/users\/2"}],"replies":[{"embeddable":true,"href":"https:\/\/gayani-yoga.com\/index.php\/wp-json\/wp\/v2\/comments?post=1479"}],"version-history":[{"count":164,"href":"https:\/\/gayani-yoga.com\/index.php\/wp-json\/wp\/v2\/pages\/1479\/revisions"}],"predecessor-version":[{"id":5677,"href":"https:\/\/gayani-yoga.com\/index.php\/wp-json\/wp\/v2\/pages\/1479\/revisions\/5677"}],"wp:attachment":[{"href":"https:\/\/gayani-yoga.com\/index.php\/wp-json\/wp\/v2\/media?parent=1479"}],"curies":[{"name":"wp","href":"https:\/\/api.w.org\/{rel}","templated":true}]}}