{"id":1437,"date":"2018-03-21T09:45:18","date_gmt":"2018-03-21T09:45:18","guid":{"rendered":"https:\/\/gayani-yoga.com\/?page_id=1437"},"modified":"2025-06-20T14:50:43","modified_gmt":"2025-06-20T12:50:43","slug":"massage-dans-les-landes","status":"publish","type":"page","link":"https:\/\/gayani-yoga.com\/index.php\/massage-dans-les-landes\/","title":{"rendered":"MASSAGE-FR"},"content":{"rendered":"<p>[vc_row][vc_column][vc_column_text]<p>[\/vc_column_text][\/vc_column][\/vc_row][vc_row][vc_column][vc_separator color=&#8221;black&#8221;][\/vc_column][\/vc_row][vc_row][vc_column][vc_column_text]<\/p>\n<\/p>\r\n<p><p>[\/vc_column_text][\/vc_column][\/vc_row][vc_row][vc_column][vc_column_text]<img loading=\"lazy\" decoding=\"async\" class=\"size-full wp-image-1450 aligncenter\" src=\"https:\/\/gayani-yoga.com\/wp-content\/uploads\/2018\/03\/Massage.jpg\" alt=\"\" width=\"326\" height=\"135\" srcset=\"https:\/\/gayani-yoga.com\/wp-content\/uploads\/2018\/03\/Massage.jpg 326w, https:\/\/gayani-yoga.com\/wp-content\/uploads\/2018\/03\/Massage-300x124.jpg 300w\" sizes=\"auto, (max-width: 326px) 100vw, 326px\" \/>[\/vc_column_text][\/vc_column][\/vc_row][vc_row][vc_column][vc_column_text]<\/p>\n\r\n<p>&nbsp;<\/p>\r\n\r\n<p style=\"text-align: center;\">Un consultation en naturopathie (10 min) accompagne chaque soin et permettra de faire le point sur vos besoins, de d\u00e9finir l\u2019huile th\u00e9rapeutique et les m\u00e9thodes suppl\u00e9mentaires \u00e0 utiliser. Relaxation et d\u00e9tente garanties.<\/p>\r\n\r\n<p>[\/vc_column_text][\/vc_column][\/vc_row][vc_row][vc_column][vc_separator color=&#8221;black&#8221; el_width=&#8221;60&#8243;][\/vc_column][\/vc_row][vc_row][vc_column][vc_column_text]<\/p>\r\n<p>\r\n\r\n<p>[\/vc_column_text][\/vc_column][\/vc_row][vc_row css=&#8221;.vc_custom_1523275030294{margin-top: -39px !important;}&#8221;][vc_column][vc_column_text]<img loading=\"lazy\" decoding=\"async\" class=\"alignnone size-full wp-image-1445\" src=\"https:\/\/gayani-yoga.com\/wp-content\/uploads\/2018\/03\/4M4A1820.jpg\" alt=\"\" width=\"5460\" height=\"1368\" srcset=\"https:\/\/gayani-yoga.com\/wp-content\/uploads\/2018\/03\/4M4A1820.jpg 5460w, https:\/\/gayani-yoga.com\/wp-content\/uploads\/2018\/03\/4M4A1820-300x75.jpg 300w, https:\/\/gayani-yoga.com\/wp-content\/uploads\/2018\/03\/4M4A1820-768x192.jpg 768w, https:\/\/gayani-yoga.com\/wp-content\/uploads\/2018\/03\/4M4A1820-1024x257.jpg 1024w\" sizes=\"auto, (max-width: 5460px) 100vw, 5460px\" \/>[\/vc_column_text][\/vc_column][\/vc_row][vc_row][vc_column][vc_column_text]<\/p>\n<p>\n\r\n\r\n<p>[\/vc_column_text][\/vc_column][\/vc_row][vc_row][vc_column width=&#8221;1\/4&#8243; css=&#8221;.vc_custom_1523275508870{padding-top: 30px !important;padding-right: 30px !important;padding-left: 30px !important;}&#8221;][vc_column_text]<\/p>\n<h3 style=\"text-align: center; color: #fe7700; font-weight: bold;\">Ayurv\u00e9dique<\/h3>\n<h3 style=\"text-align: center; color: #fe7700; font-weight: bold;\">Abhyanga<\/h3>\n<p style=\"text-align: justify;\">Le massage complet Abhyanga d\u00e9tend, renforce le syst\u00e8me immunitaire, a un effet rajeunissant et a une sorte d&#8217;effet nettoyant et lib\u00e9rateur dans l&#8217;ensemble. L&#8217;application de l&#8217;huile chaude fortifie et nourrisse le syst\u00e8me musculo-squelettique et stabilise l&#8217;esprit.<\/p>\n<h3 style=\"text-align: center;\">\u00a0<strong><span style=\"color: #ff6600;\">Marma Abhyanga<br \/><\/span><\/strong><\/h3>\n<p><span style=\"color: #333333;\"> Ce massage traditionnel du corps entier stimule positivement par une l\u00e9g\u00e8re pression les 108 points Marma et les organes internes correspondants. En traitant ces points vitaux, consid\u00e9r\u00e9s comme le si\u00e8ge de la vie, la sant\u00e9 peut \u00eatre renforc\u00e9e et le stress r\u00e9duit. Il est indiqu\u00e9 en cas de fatigue, d&#8217;\u00e9puisement. Il renforce le syst\u00e8me immunitaire et le syst\u00e8me nerveux et favorise la circulation de l&#8217;\u00e9nergie.<\/span><\/p>\n<p>&nbsp;<\/p>\n<p>[\/vc_column_text][\/vc_column][vc_column width=&#8221;1\/4&#8243; css=&#8221;.vc_custom_1523275518636{padding-top: 30px !important;padding-right: 30px !important;padding-left: 30px !important;}&#8221;][vc_column_text]<\/p>\n<h3 style=\"text-align: center; color: #fe7700; font-weight: bold;\">Deep Tissue\/ Ost\u00e9oth\u00e9rapie<\/h3>\n<p class=\"preFade fadeIn\">Ce massage se concentre sur les points douloureux, les tensions, les courbatures. La m\u00e9thode de Knap en Ost\u00e9o-th\u00e9rapie sera appliqu\u00e9 au besoin pour enlever les tensions ost\u00e9o-articulaire. Il peut soulager des douleurs physiques chroniques ou post trauma. Il est conseill\u00e9 apr\u00e8s l&#8217;effort physique comme le surf ou le v\u00e9lo etc. ainsi que pour l\u00e2cher les tensions du quotidien (de la nuque, du dos et\/ou des jambes).<\/p>\n<p>[\/vc_column_text][\/vc_column][vc_column width=&#8221;1\/4&#8243; css=&#8221;.vc_custom_1523275528367{padding-top: 30px !important;padding-right: 30px !important;padding-left: 30px !important;}&#8221;][vc_column_text]<\/p>\n<h3 style=\"text-align: center; color: #fe7700; font-weight: bold;\">R\u00e9flexologie cr\u00e2nienne\u00a0 (visage et t\u00eate)<\/h3>\n<p style=\"text-align: justify;\">Massage relaxant contre le stress, stimule le cuir chevelu et la musculature du visage. L&#8217;acupression sur les points de r\u00e9flexe du visage et du cuir chevelu peut stimuler des zones sp\u00e9cifiques et le corps entier. La phonophorese est int\u00e9gr\u00e9 dans ce soin.<\/p>\n<p>[\/vc_column_text][vc_column_text]<\/p>\n<h3 style=\"text-align: center; color: #fe7700; font-weight: bold;\">R\u00e9flexologie plantaire<\/h3>\n<p style=\"text-align: justify;\">Un massage par digitopression des points correspondants sur le pied permet d&#8217;am\u00e9liorer sensiblement les fonctions organiques et tissulaires des patients<\/p>\n<p>[\/vc_column_text][\/vc_column][vc_column width=&#8221;1\/4&#8243; css=&#8221;.vc_custom_1523275546215{padding-top: 30px !important;padding-right: 30px !important;padding-left: 30px !important;}&#8221;][vc_column_text]<\/p>\n<h3 style=\"text-align: center; color: #fe7700; font-weight: bold;\">Phonophor\u00e8se<\/h3>\n<p>Les diapasons sont plac\u00e9s sur certains points des m\u00e9ridiens de la m\u00e9decine traditionnelle chinoise utilis\u00e9s en acupuncture ainsi que sur les sept Chakras (centres \u00e9nerg\u00e9tiques de la tradition indienne) et les zones de r\u00e9flexologie plantaire ou palmaire et en auriculoth\u00e9rapie \u00e0 c\u00f4t\u00e9 d&#8217;oreilles. Cette stimulation peut s&#8217;apparenter \u00e0 une acupuncture sonore.<\/p>\n<p>Apr\u00e8s avoir percut\u00e9 le diapason, on place sa pointe arrondie sur le point choisi en exer\u00e7ant une pression mod\u00e9r\u00e9e et en laissant vibrer de 10 \u00e0 20 secondes.<\/p>\n<p>La phonophor\u00e8se peut se pratiquer pour la d\u00e9tente ainsi que de fa\u00e7on th\u00e9rapeutique selon les besoins.<\/p>\n<p>[\/vc_column_text][\/vc_column][\/vc_row][vc_row][vc_column][vc_column_text]<\/p>\n<\/p>\r\n<p><p>[\/vc_column_text][\/vc_column][\/vc_row][vc_row css=&#8221;.vc_custom_1521636897997{margin-top: 50px !important;}&#8221;][vc_column width=&#8221;1\/4&#8243; css=&#8221;.vc_custom_1521630374884{padding: 10px !important;}&#8221;][vc_column_text]<img loading=\"lazy\" decoding=\"async\" class=\"alignnone wp-image-1452\" src=\"https:\/\/gayani-yoga.com\/wp-content\/uploads\/2018\/03\/4M4A1817-200x300.jpg\" alt=\"\" width=\"400\" height=\"600\" srcset=\"https:\/\/gayani-yoga.com\/wp-content\/uploads\/2018\/03\/4M4A1817-200x300.jpg 200w, https:\/\/gayani-yoga.com\/wp-content\/uploads\/2018\/03\/4M4A1817-768x1152.jpg 768w, https:\/\/gayani-yoga.com\/wp-content\/uploads\/2018\/03\/4M4A1817-683x1024.jpg 683w\" sizes=\"auto, (max-width: 400px) 100vw, 400px\" \/>[\/vc_column_text][\/vc_column][vc_column width=&#8221;1\/4&#8243; css=&#8221;.vc_custom_1521630391080{padding: 10px !important;}&#8221;][vc_column_text]<img loading=\"lazy\" decoding=\"async\" class=\"alignnone wp-image-1453\" src=\"https:\/\/gayani-yoga.com\/wp-content\/uploads\/2018\/03\/4M4A1858-200x300.jpg\" alt=\"\" width=\"400\" height=\"600\" srcset=\"https:\/\/gayani-yoga.com\/wp-content\/uploads\/2018\/03\/4M4A1858-200x300.jpg 200w, https:\/\/gayani-yoga.com\/wp-content\/uploads\/2018\/03\/4M4A1858-768x1152.jpg 768w, https:\/\/gayani-yoga.com\/wp-content\/uploads\/2018\/03\/4M4A1858-683x1024.jpg 683w\" sizes=\"auto, (max-width: 400px) 100vw, 400px\" \/>[\/vc_column_text][\/vc_column][vc_column width=&#8221;1\/2&#8243; css=&#8221;.vc_custom_1524643523905{margin-left: 5% !important;}&#8221;][vc_column_text]<\/p>\n<h3 style=\"text-align: center; color: #fe7700; font-weight: bold;\">AyurYoga ThaiMassage<br \/>(Yoga passif)<\/h3>\n<p>La sensation apr\u00e8s une s\u00e9ance du YOGA PASSIF est bien comparable \u00e0 une s\u00e9ance de yoga. Characteristique pour cette \u201eart du toucher\u201c est l\u2019approche \u00e0 l\u2019individu. Apr\u00e8s une consultation, un plan de traitement sera \u00e9tabli. Une m\u00e9lodie unique et individuelle des techniques et des mouvements, avec l\u2019acupression, \u00e9tirements, exercises de yoga passifs. Vateya &amp; Vishvase th\u00e9rapeutique flying- est individuellement compos\u00e9e pour chaque personne.<\/p>\n<p style=\"text-align: justify;\">L\u2019intension est d\u2019amener les \u00e9motions en mouvement, \u00e0 percevoir<br \/>votre corps avec plus de conscience et de d\u00e9tendre votre esprit.[\/vc_column_text][\/vc_column][\/vc_row][vc_row][vc_column][vc_column_text]<\/p>\n<\/p>\r\n<p><p>[\/vc_column_text][\/vc_column][\/vc_row][vc_row][vc_column width=&#8221;2\/3&#8243;][vc_column_text]<\/p>\n<h3 style=\"text-align: center; color: #fe7700; font-weight: bold;\">Massage au bols sonores<\/h3>\n<p>Le stress nous rend vuln\u00e9rable aux maladies et nuit \u00e0 notre qualit\u00e9 de vie. Notre harmonie int\u00e9rieure est perturb\u00e9e \u2013 nous perdons notre \u00e9quilibre. C\u00b4est \u00e0 ce point pr\u00e9cis qu\u2019agit le Massage aux bols sonores (Peter Hess) comme un moyen de relaxation efficace et favorable \u00e0 la sant\u00e9. Gr\u00e2ce au large spectre d\u00b4harmoniques, ainsi qu\u00b4aux sons naturels et harmonieux des Bols Chantants, le Massage Sonore agit de fa\u00e7on globale sur le corps, l\u00b4\u00e2me et l\u00b4esprit. En r\u00e8gle g\u00e9n\u00e9rale il permet d\u00b4atteindre tr\u00e8s rapidement un \u00e9tat de relaxation profonde. Ceci s\u00b4explique par le fait que les sons s\u00b4adressent directement \u00e0 la confiance primaire de l\u00b4\u00eatre humain. Le massage aux bols sonores offre:<br \/>\u2022 Le massage d\u00e9licat et l\u00b4harmonisation de chacune des cellules du corps.<br \/>\u2022 La r\u00e9duction du stress<br \/>\u2022 La mobilisation des forces d\u00b4auto-gu\u00e9rison<br \/>\u2022 Le renforcement des capacit\u00e9s \u00e0 se ressentir soi m\u00eame et \u00e0 \u00e9prouver de la joie de vivre<br \/>\u2022 Une influence positive sur la conscience de soi-m\u00eame, la cr\u00e9ativit\u00e9 et la cr\u00e9ation.<br \/>\u2022 Beaut\u00e9 int\u00e9rieure et ext\u00e9rieure[\/vc_column_text][\/vc_column][vc_column width=&#8221;1\/3&#8243; css=&#8221;.vc_custom_1523279172734{margin-top: 50px !important;padding-top: 15px !important;padding-right: 15px !important;padding-bottom: 15px !important;padding-left: 15px !important;}&#8221;][vc_column_text]<img loading=\"lazy\" decoding=\"async\" class=\"aligncenter size-full wp-image-1710\" src=\"https:\/\/gayani-yoga.com\/wp-content\/uploads\/2018\/04\/Bols-sonores.jpg\" alt=\"\" width=\"1360\" height=\"1155\" srcset=\"https:\/\/gayani-yoga.com\/wp-content\/uploads\/2018\/04\/Bols-sonores.jpg 1360w, https:\/\/gayani-yoga.com\/wp-content\/uploads\/2018\/04\/Bols-sonores-300x255.jpg 300w, https:\/\/gayani-yoga.com\/wp-content\/uploads\/2018\/04\/Bols-sonores-768x652.jpg 768w, https:\/\/gayani-yoga.com\/wp-content\/uploads\/2018\/04\/Bols-sonores-1024x870.jpg 1024w\" sizes=\"auto, (max-width: 1360px) 100vw, 1360px\" \/>[\/vc_column_text][\/vc_column][\/vc_row][vc_row][vc_column][vc_column_text]<\/p>\n<h3 style=\"text-align: center;\"><span style=\"color: #ff6600; font-size: 18pt;\"><strong>Aromath\u00e9rapie<\/strong><\/span><\/h3>\n<p>La technique AromaTouch<em data-rich-text-format-boundary=\"true\">\u00ae<\/em> est bien plus qu&#8217;une simple application d&#8217;huile parfum\u00e9e: elle peut apporter une d\u00e9tente durable et un soutien pour le corps, l&#8217;esprit et l&#8217;\u00e2me.<\/p>\n<p>La technique AromaTouch est tellement efficace que les huiles peuvent fonctionner au plus haut niveau tant sur le plan physique qu&#8217;\u00e9motionnel. Ils peuvent aider l&#8217;organisme entier \u00e0 nettoyer et \u00e0 r\u00e9g\u00e9n\u00e9rer les cellules. Le syst\u00e8me nerveux autonome est stimul\u00e9 pour retrouver son \u00e9quilibre (hom\u00e9ostasie).<\/p>\n<p>Les huiles essentielles seront appliquer sur les dos, les mains et les pieds.<\/p>\n<p>Vous avez aux choix l&#8217;aromath\u00e9rapie <strong>d\u00e9tente (Aromatouch) ou th\u00e9rapeutique<\/strong> (adapt\u00e9 \u00e0 vos sypmtomes: respiratoires, syst\u00e8me nerveux, endocrine, articulaires etc.)<\/p>\n<p><strong>Ne vous exposez pas au soleil pendant les 12 heures apr\u00e8s le soin.<\/strong><\/p>\n<p>[\/vc_column_text][vc_column_text]<\/p>\n<h3 style=\"text-align: center;\"><strong><span style=\"font-size: 18pt; color: #ff6600;\">Tao Hands<\/span><\/strong><\/h3>\n<p style=\"text-align: justify;\">Les Tao Hands transportent une fr\u00e9quence et des vibrations \u00e9lev\u00e9es et par la transmission de la lumi\u00e8re ils remettent l&#8217;\u00e2me, le c\u0153ur, l&#8217;esprit et le corps (Shen Qi Jing) en harmonie \u00e0 tous les niveaux. Cette transformation peut affecter de nombreux aspects de la vie, y compris la sant\u00e9, les relations, les finances, les espaces, les affaires, etc. La vibration des Tao Hands porte l\u2019amour, le pardon, la compassion et la lumi\u00e8re et augmente ainsi le bien-\u00eatre dans tous les domaines de la vie et peut lib\u00e9rer des blocages. Le traitement a lieu sans contact physique direct en position assise. Ce soin peut s&#8217;ajouter en compl\u00e9ment au traitement pr\u00e9vu.<\/p>\n<p>[\/vc_column_text][vc_column_text]<\/p>\n[\/vc_column_text][\/vc_column][\/vc_row][vc_row][vc_column][vc_column_text]<\/p>\r\n<div id=\"ConstellationWidgetContainerd9e9e712-ca5e-4cb4-aa41-46cd0d056d7c\" style=\"width: 100%;\" title=\"GAYANI - massages, yoga, naturopathie\" data-id-projet=\"d9e9e712ca5e4cb4aa4146cd0d056d7c\">Chargement en cours&#8230;<\/div>\r\n<p><script type=\"text\/javascript\" src=\"https:\/\/reservation.elloha.com\/Scripts\/widget-loader.min.js?v=39\"><\/script> <script type=\"text\/javascript\">var constellationWidgetUrld9e9e712ca5e4cb4aa4146cd0d056d7c, constellationTypeModuled9e9e712ca5e4cb4aa4146cd0d056d7c; constellationWidgetUrld9e9e712ca5e4cb4aa4146cd0d056d7c = 'https:\/\/reservation.elloha.com\/Widget\/BookingEngine\/d9e9e712-ca5e-4cb4-aa41-46cd0d056d7c?idoi=35f661a2-49f1-434d-9b89-da762acc0b3d&culture=fr-FR'; constellationTypeModuled9e9e712ca5e4cb4aa4146cd0d056d7c=1; constellationWidgetLoad('ConstellationWidgetContainerd9e9e712-ca5e-4cb4-aa41-46cd0d056d7c'); constellationWidgetAddEvent(window, \"resize\", function () { constellationWidgetSetAppearance('ConstellationWidgetContainerd9e9e712-ca5e-4cb4-aa41-46cd0d056d7c'); });<\/script><\/p>\r\n<p>[\/vc_column_text][\/vc_column][\/vc_row]<\/p>","protected":false},"excerpt":{"rendered":"<p>[vc_row][vc_column][vc_column_text] &nbsp; Un consultation en naturopathie (10 min) accompagne chaque soin et permettra de faire le point sur vos besoins, de d\u00e9finir l\u2019huile th\u00e9rapeutique et les m\u00e9thodes suppl\u00e9mentaires \u00e0 utiliser. Relaxation et d\u00e9tente garanties. [\/vc_column_text][\/vc_column][\/vc_row][vc_row][vc_column][vc_separator color=&#8221;black&#8221; el_width=&#8221;60&#8243;][\/vc_column][\/vc_row][vc_row][vc_column][vc_column_text] [\/vc_column_text][\/vc_column][\/vc_row][vc_row][vc_column][vc_column_text] Chargement en cours&#8230; [\/vc_column_text][\/vc_column][\/vc_row]<\/p>\n","protected":false},"author":2,"featured_media":0,"parent":0,"menu_order":0,"comment_status":"closed","ping_status":"closed","template":"","meta":{"_glsr_average":0,"_glsr_ranking":0,"_glsr_reviews":0,"footnotes":""},"class_list":["post-1437","page","type-page","status-publish","hentry"],"yoast_head":"<!-- This site is optimized with the Yoast SEO plugin v27.4 - https:\/\/yoast.com\/product\/yoast-seo-wordpress\/ -->\n<title>Massage dans les Landes - Relaxation - Massage Classique, Visage &amp; t\u00eate<\/title>\n<meta name=\"description\" content=\"Sc\u00e9ances de massages dans les Landes. Agr\u00e9able moment de relaxation. Massage apr\u00e8s Surf\/Bike, ou visage et t\u00eate. R\u00e9servez au 06.43.50.38.14\" \/>\n<meta name=\"robots\" content=\"index, follow, max-snippet:-1, max-image-preview:large, max-video-preview:-1\" \/>\n<link rel=\"canonical\" href=\"https:\/\/gayani-yoga.com\/index.php\/massage-dans-les-landes\/\" \/>\n<meta property=\"og:locale\" content=\"fr_FR\" \/>\n<meta property=\"og:type\" content=\"article\" \/>\n<meta property=\"og:title\" content=\"Massage dans les Landes - Relaxation - Massage Classique, Visage &amp; t\u00eate\" \/>\n<meta property=\"og:description\" content=\"Sc\u00e9ances de massages dans les Landes. Agr\u00e9able moment de relaxation. Massage apr\u00e8s Surf\/Bike, ou visage et t\u00eate. R\u00e9servez au 06.43.50.38.14\" \/>\n<meta property=\"og:url\" content=\"https:\/\/gayani-yoga.com\/index.php\/massage-dans-les-landes\/\" \/>\n<meta property=\"og:site_name\" content=\"Gayani Yoga\" \/>\n<meta property=\"article:publisher\" content=\"https:\/\/www.facebook.com\/gayaniyoga\/\" \/>\n<meta property=\"article:modified_time\" content=\"2025-06-20T12:50:43+00:00\" \/>\n<meta property=\"og:image\" content=\"https:\/\/gayani-yoga.com\/wp-content\/uploads\/2018\/03\/Massage.jpg\" \/>\n\t<meta property=\"og:image:width\" content=\"326\" \/>\n\t<meta property=\"og:image:height\" content=\"135\" \/>\n\t<meta property=\"og:image:type\" content=\"image\/jpeg\" \/>\n<meta name=\"twitter:card\" content=\"summary_large_image\" \/>\n<meta name=\"twitter:label1\" content=\"Dur\u00e9e de lecture estim\u00e9e\" \/>\n\t<meta name=\"twitter:data1\" content=\"6 minutes\" \/>\n<script type=\"application\/ld+json\" class=\"yoast-schema-graph\">{\"@context\":\"https:\\\/\\\/schema.org\",\"@graph\":[{\"@type\":\"WebPage\",\"@id\":\"https:\\\/\\\/gayani-yoga.com\\\/index.php\\\/massage-dans-les-landes\\\/\",\"url\":\"https:\\\/\\\/gayani-yoga.com\\\/index.php\\\/massage-dans-les-landes\\\/\",\"name\":\"Massage dans les Landes - Relaxation - Massage Classique, Visage & t\u00eate\",\"isPartOf\":{\"@id\":\"https:\\\/\\\/gayani-yoga.com\\\/#website\"},\"primaryImageOfPage\":{\"@id\":\"https:\\\/\\\/gayani-yoga.com\\\/index.php\\\/massage-dans-les-landes\\\/#primaryimage\"},\"image\":{\"@id\":\"https:\\\/\\\/gayani-yoga.com\\\/index.php\\\/massage-dans-les-landes\\\/#primaryimage\"},\"thumbnailUrl\":\"https:\\\/\\\/gayani-yoga.com\\\/wp-content\\\/uploads\\\/2018\\\/03\\\/Massage.jpg\",\"datePublished\":\"2018-03-21T09:45:18+00:00\",\"dateModified\":\"2025-06-20T12:50:43+00:00\",\"description\":\"Sc\u00e9ances de massages dans les Landes. Agr\u00e9able moment de relaxation. Massage apr\u00e8s Surf\\\/Bike, ou visage et t\u00eate. R\u00e9servez au 06.43.50.38.14\",\"breadcrumb\":{\"@id\":\"https:\\\/\\\/gayani-yoga.com\\\/index.php\\\/massage-dans-les-landes\\\/#breadcrumb\"},\"inLanguage\":\"fr-FR\",\"potentialAction\":[{\"@type\":\"ReadAction\",\"target\":[\"https:\\\/\\\/gayani-yoga.com\\\/index.php\\\/massage-dans-les-landes\\\/\"]}]},{\"@type\":\"ImageObject\",\"inLanguage\":\"fr-FR\",\"@id\":\"https:\\\/\\\/gayani-yoga.com\\\/index.php\\\/massage-dans-les-landes\\\/#primaryimage\",\"url\":\"https:\\\/\\\/gayani-yoga.com\\\/wp-content\\\/uploads\\\/2018\\\/03\\\/Massage.jpg\",\"contentUrl\":\"https:\\\/\\\/gayani-yoga.com\\\/wp-content\\\/uploads\\\/2018\\\/03\\\/Massage.jpg\",\"width\":326,\"height\":135},{\"@type\":\"BreadcrumbList\",\"@id\":\"https:\\\/\\\/gayani-yoga.com\\\/index.php\\\/massage-dans-les-landes\\\/#breadcrumb\",\"itemListElement\":[{\"@type\":\"ListItem\",\"position\":1,\"name\":\"Accueil\",\"item\":\"https:\\\/\\\/gayani-yoga.com\\\/\"},{\"@type\":\"ListItem\",\"position\":2,\"name\":\"MASSAGE-FR\"}]},{\"@type\":\"WebSite\",\"@id\":\"https:\\\/\\\/gayani-yoga.com\\\/#website\",\"url\":\"https:\\\/\\\/gayani-yoga.com\\\/\",\"name\":\"Gayani Yoga\",\"description\":\"\",\"potentialAction\":[{\"@type\":\"SearchAction\",\"target\":{\"@type\":\"EntryPoint\",\"urlTemplate\":\"https:\\\/\\\/gayani-yoga.com\\\/?s={search_term_string}\"},\"query-input\":{\"@type\":\"PropertyValueSpecification\",\"valueRequired\":true,\"valueName\":\"search_term_string\"}}],\"inLanguage\":\"fr-FR\"}]}<\/script>\n<!-- \/ Yoast SEO plugin. -->","yoast_head_json":{"title":"Massage dans les Landes - Relaxation - Massage Classique, Visage & t\u00eate","description":"Sc\u00e9ances de massages dans les Landes. Agr\u00e9able moment de relaxation. Massage apr\u00e8s Surf\/Bike, ou visage et t\u00eate. R\u00e9servez au 06.43.50.38.14","robots":{"index":"index","follow":"follow","max-snippet":"max-snippet:-1","max-image-preview":"max-image-preview:large","max-video-preview":"max-video-preview:-1"},"canonical":"https:\/\/gayani-yoga.com\/index.php\/massage-dans-les-landes\/","og_locale":"fr_FR","og_type":"article","og_title":"Massage dans les Landes - Relaxation - Massage Classique, Visage & t\u00eate","og_description":"Sc\u00e9ances de massages dans les Landes. Agr\u00e9able moment de relaxation. Massage apr\u00e8s Surf\/Bike, ou visage et t\u00eate. R\u00e9servez au 06.43.50.38.14","og_url":"https:\/\/gayani-yoga.com\/index.php\/massage-dans-les-landes\/","og_site_name":"Gayani Yoga","article_publisher":"https:\/\/www.facebook.com\/gayaniyoga\/","article_modified_time":"2025-06-20T12:50:43+00:00","og_image":[{"width":326,"height":135,"url":"https:\/\/gayani-yoga.com\/wp-content\/uploads\/2018\/03\/Massage.jpg","type":"image\/jpeg"}],"twitter_card":"summary_large_image","twitter_misc":{"Dur\u00e9e de lecture estim\u00e9e":"6 minutes"},"schema":{"@context":"https:\/\/schema.org","@graph":[{"@type":"WebPage","@id":"https:\/\/gayani-yoga.com\/index.php\/massage-dans-les-landes\/","url":"https:\/\/gayani-yoga.com\/index.php\/massage-dans-les-landes\/","name":"Massage dans les Landes - Relaxation - Massage Classique, Visage & t\u00eate","isPartOf":{"@id":"https:\/\/gayani-yoga.com\/#website"},"primaryImageOfPage":{"@id":"https:\/\/gayani-yoga.com\/index.php\/massage-dans-les-landes\/#primaryimage"},"image":{"@id":"https:\/\/gayani-yoga.com\/index.php\/massage-dans-les-landes\/#primaryimage"},"thumbnailUrl":"https:\/\/gayani-yoga.com\/wp-content\/uploads\/2018\/03\/Massage.jpg","datePublished":"2018-03-21T09:45:18+00:00","dateModified":"2025-06-20T12:50:43+00:00","description":"Sc\u00e9ances de massages dans les Landes. Agr\u00e9able moment de relaxation. Massage apr\u00e8s Surf\/Bike, ou visage et t\u00eate. R\u00e9servez au 06.43.50.38.14","breadcrumb":{"@id":"https:\/\/gayani-yoga.com\/index.php\/massage-dans-les-landes\/#breadcrumb"},"inLanguage":"fr-FR","potentialAction":[{"@type":"ReadAction","target":["https:\/\/gayani-yoga.com\/index.php\/massage-dans-les-landes\/"]}]},{"@type":"ImageObject","inLanguage":"fr-FR","@id":"https:\/\/gayani-yoga.com\/index.php\/massage-dans-les-landes\/#primaryimage","url":"https:\/\/gayani-yoga.com\/wp-content\/uploads\/2018\/03\/Massage.jpg","contentUrl":"https:\/\/gayani-yoga.com\/wp-content\/uploads\/2018\/03\/Massage.jpg","width":326,"height":135},{"@type":"BreadcrumbList","@id":"https:\/\/gayani-yoga.com\/index.php\/massage-dans-les-landes\/#breadcrumb","itemListElement":[{"@type":"ListItem","position":1,"name":"Accueil","item":"https:\/\/gayani-yoga.com\/"},{"@type":"ListItem","position":2,"name":"MASSAGE-FR"}]},{"@type":"WebSite","@id":"https:\/\/gayani-yoga.com\/#website","url":"https:\/\/gayani-yoga.com\/","name":"Gayani Yoga","description":"","potentialAction":[{"@type":"SearchAction","target":{"@type":"EntryPoint","urlTemplate":"https:\/\/gayani-yoga.com\/?s={search_term_string}"},"query-input":{"@type":"PropertyValueSpecification","valueRequired":true,"valueName":"search_term_string"}}],"inLanguage":"fr-FR"}]}},"post_mailing_queue_ids":[],"_links":{"self":[{"href":"https:\/\/gayani-yoga.com\/index.php\/wp-json\/wp\/v2\/pages\/1437","targetHints":{"allow":["GET"]}}],"collection":[{"href":"https:\/\/gayani-yoga.com\/index.php\/wp-json\/wp\/v2\/pages"}],"about":[{"href":"https:\/\/gayani-yoga.com\/index.php\/wp-json\/wp\/v2\/types\/page"}],"author":[{"embeddable":true,"href":"https:\/\/gayani-yoga.com\/index.php\/wp-json\/wp\/v2\/users\/2"}],"replies":[{"embeddable":true,"href":"https:\/\/gayani-yoga.com\/index.php\/wp-json\/wp\/v2\/comments?post=1437"}],"version-history":[{"count":26,"href":"https:\/\/gayani-yoga.com\/index.php\/wp-json\/wp\/v2\/pages\/1437\/revisions"}],"predecessor-version":[{"id":5566,"href":"https:\/\/gayani-yoga.com\/index.php\/wp-json\/wp\/v2\/pages\/1437\/revisions\/5566"}],"wp:attachment":[{"href":"https:\/\/gayani-yoga.com\/index.php\/wp-json\/wp\/v2\/media?parent=1437"}],"curies":[{"name":"wp","href":"https:\/\/api.w.org\/{rel}","templated":true}]}}