{"id":1287,"date":"2018-03-05T16:33:45","date_gmt":"2018-03-05T16:33:45","guid":{"rendered":"https:\/\/gayani-yoga.com\/?page_id=1287"},"modified":"2025-07-11T11:42:20","modified_gmt":"2025-07-11T09:42:20","slug":"cours-de-yoga-ayurveda-landes","status":"publish","type":"page","link":"https:\/\/gayani-yoga.com\/index.php\/cours-de-yoga-ayurveda-landes\/","title":{"rendered":"YOGA"},"content":{"rendered":"<p>[vc_row][vc_column][vc_column_text]<p>[\/vc_column_text][\/vc_column][\/vc_row][vc_row][vc_column][vc_separator color=&#8221;black&#8221;][\/vc_column][\/vc_row][vc_row][vc_column][vc_column_text]<\/p>\n<\/p>\r\n<p><p>[\/vc_column_text][\/vc_column][\/vc_row][vc_row][vc_column][vc_column_text]<img loading=\"lazy\" decoding=\"async\" class=\"size-full wp-image-1376 aligncenter\" src=\"https:\/\/gayani-yoga.com\/wp-content\/uploads\/2018\/03\/Capture-d\u2019e\u0301cran-2018-03-13-a\u0300-09.04.58.jpg\" alt=\"\" width=\"169\" height=\"120\" \/>[\/vc_column_text][\/vc_column][\/vc_row][vc_row][vc_column][vc_column_text]<\/p>\n<br \/><\/p>\r\n<p style=\"text-align: center;\">Cours de yoga dans les Landes \u00e0 proximit\u00e9 de l&#8217;Oc\u00e9an et de la For\u00eat<\/p>\r\n\r\n<p>[\/vc_column_text][\/vc_column][\/vc_row][vc_row][vc_column css=&#8221;.vc_custom_1523020610753{margin-top: 30px !important;}&#8221;][vc_separator color=&#8221;black&#8221; el_width=&#8221;60&#8243;][\/vc_column][\/vc_row][vc_row][vc_column][vc_column_text]<\/p>\r\n\r\n<p><p>[\/vc_column_text][\/vc_column][\/vc_row][vc_row css=&#8221;.vc_custom_1523020719850{padding-top: 30px !important;padding-bottom: 30px !important;}&#8221;][vc_column][vc_column_text]<\/p>\n<h3 style=\"text-align: center; line-height: 40px; font-family: time new roman; font-size: 30px;\"><em>La sant\u00e9 est la richesse, la paix du mental est le bonheur, le yoga montre la voie.\u00a0<\/em><br \/>Swami Vishnudevananda<\/h3>\n<p>[\/vc_column_text][\/vc_column][\/vc_row][vc_row][vc_column][vc_column_text]<\/p>\n<\/p>\r\n<p>[\/vc_column_text][\/vc_column][\/vc_row][vc_row][vc_column css=&#8221;.vc_custom_1523020610753{margin-top: 30px !important;}&#8221;][vc_separator color=&#8221;black&#8221; el_width=&#8221;60&#8243;][\/vc_column][\/vc_row][vc_row content_full_width=&#8221;1&#8243; css=&#8221;.vc_custom_1581494106073{margin-top: 30px !important;background-image: url(https:\/\/gayani-yoga.com\/wp-content\/uploads\/2018\/03\/4M4A1558-e1520938107933.jpg?id=1410) !important;}&#8221;][vc_column css=&#8221;.vc_custom_1581493444924{padding-top: 30px !important;padding-right: 30px !important;padding-bottom: 30px !important;padding-left: 30px !important;}&#8221;][vc_column_text]<\/p>\r\n<p style=\"text-align: center;\"><span style=\"color: #ffffff;\">Nous vous proposons des cours le matin et le soir avec la possibilit\u00e9 de participer \u00e0 la s\u00e9ance ou de s\u2019inscrire pour le forfait week-end ou semaine.<\/span><\/p>\r\n<p>[\/vc_column_text][vc_column_text]<\/p>\r\n<p><strong>YOGA<br \/><\/strong><\/p>\r\n<p>\u00c9tant form\u00e9 dans la tradition du Hatha-Yoga, de l\u2019Ashtanga Yoga, du Yin Yoga et de la Yoga-th\u00e9rapie, j\u2019int\u00e8gre tous ces aspects dans mon enseignement qui se concentre sur les asanas (positions), le pranayama (respiration) et la relaxation profonde. Ceci permet aux \u00e9l\u00e8ves de se reconnecter avec leur corps et de se d\u00e9tendre. En cons\u00e9quence, les pratiquants se sentiront plus \u00e0 l\u2019aise et plein d\u2019\u00e9nergie.<\/p>\r\n<p>J&#8217;enseigne des cours priv\u00e9s toute l&#8217;ann\u00e9e et des cours collectifs entre L\u00e9on et Saint Girons Plage en \u00e9t\u00e9.<\/p>\r\n<p><strong>PLANNING DES COURS COLLECTIFS EN JUILLET ET AO\u00dbT<\/strong><\/p>\r\n<ul>\r\n<li><strong>Lundi 9 h 15 \u00e0 10 h 30 <\/strong>&#8211; L\u00e9on, La for\u00eat Paloma (1164 avenue du lac), 15 Euros<\/li>\r\n<li><strong>Mardi 8 h 30 \u00e0 9 h 45<\/strong> &#8211; Camping Eurosol \u00e0 Saint Girons Plage, ouvert \u00e0 tous, 15 Euros<\/li>\r\n<li><strong>Mercredi 9h<\/strong>&#8211; Camping La Jaougotte Saint Girons, 10 Euros<\/li>\r\n<li><strong>Jeudi 9 h 15 \u00e0 10 h 30 <\/strong>&#8211; L\u00e9on, La for\u00eat Paloma (1164 avenue du lac), 15 Euros<\/li>\r\n<li><strong>Vendredi 8 h 30 \u00e0 9 h 45<\/strong> &#8211; Camping Eurosol \u00e0 Saint Girons Plage, ouvert \u00e0 tous, 15 Euros<\/li>\r\n<\/ul>\r\n<p>Si vous avez un tapis de yoga chez vous, vous pouvez bien-s\u00fbr l\u2019amener, sinon je vous pr\u00eate un tapis de gym.<\/p>\r\n<p>Il y a la possibilit\u00e9 de participer \u00e0 la s\u00e9ance ou de prendre un forfait (60 Euros pour tous les cinq cours de yoga dans la m\u00eame semaine).<\/p>\r\n<a class=\"maxbutton-1 maxbutton maxbutton-rukgala-cabanne-details\" target=\"_blank\" rel=\"noopener\" href=\"https:\/\/forms.gle\/FrKHbQwESTVPCfYN6\"><span class='mb-text'>INSCRIPTION ICI<\/span><\/a>\r\n<hr style=\"width: 60%; background: #000; height: 1px; margin: 30px auto 30px auto;\" \/>\r\n<p><strong>YOGA-TH\u00c9RAPIE<\/strong><\/p>\r\n<p>La Yoga-th\u00e9rapie permet de voir la personne dans tous ses aspects. Apr\u00e8s une premi\u00e8re consultation, un plan de traitement sera \u00e9tabli. Cela peut comprendre des suppl\u00e9ments di\u00e9t\u00e9tiques, ayurv\u00e9dique, des exercices de respiration ou postures, accompagn\u00e9 des mantras, m\u00e9ditations et exercices relaxants.<\/p>\r\n<p>En g\u00e9n\u00e9ral, la yoga-th\u00e9rapie et la naturopathie sont tr\u00e8s proches. Je propose de vous accompagner sur les probl\u00e8mes \u00e9tats de sant\u00e9 suivants :<\/p>\r\n<p>Respiratoire, cardiovasculaire, locomoteur, digestive, diab\u00e8te, syndrome m\u00e9tabolique, stress, sommeil, douleurs chroniques, fibromyalgie.<\/p>\r\n<p>Contactez-moi directement pour prendre plus d&#8217;informations.<\/p>\r\n<p style=\"text-align: center;\"><strong>FORMATION YOGA, YOGA-TH\u00c9RAPIE, M\u00c9DITATION ET RELAXATION SONORE<br \/><\/strong><\/p>\r\n<div style=\"width: 70%;\">Je vous propose des formations de Yoga reconnu par Yoga alliance, la yoga-th\u00e9rapie, m\u00e9ditation et relaxation. Il y a \u00e9galement des forfaits yoga et bien-\u00eatre d\u00e9tox et ayurv\u00e9da. Cliquez sur les titres pour plus informations :<\/div>\r\n<p><strong><a href=\"https:\/\/www.ashtangalanka.com\/pyrenees-retreat\/\">* Vacances Yoga \u2014 Stage d&#8217;Ashtanga dans les Pyr\u00e9n\u00e9es<\/a><br \/>* <a href=\"https:\/\/www.ashtangalanka.com\/morocco-retreat\/\">Retraite d&#8217;Ashtanga Yoga au Maroc<\/a><\/strong><\/p>\r\n<p><strong>* <a href=\"https:\/\/gayani-yoga.com\/index.php\/les-cures-detox-ayurveda\/\">Yoga &amp; Ayurveda<\/a> <\/strong><br \/><strong>* <a href=\"https:\/\/gayani-yoga.com\/index.php\/les-cures-detox-ayurveda\/\">Yoga &amp; D\u00e9tox <\/a><\/strong><\/p>\r\n<p><strong>* <a href=\"https:\/\/forms.gle\/RmhyjcXCgwUoJp9x9\">Formation (continue) en Yoga<br \/>* <\/a><a href=\"https:\/\/gayani-yoga.com\/index.php\/ateliers-cours\/\">Relaxation sonore <\/a><a href=\"https:\/\/gayani-yoga.com\/index.php\/package\/#Yoga&amp;Surf\"><br \/>* <\/a><a href=\"https:\/\/gayani-yoga.com\/index.php\/ateliers-cours\/\">Cours de M\u00e9ditation<\/a><\/strong><\/p>\r\n<div style=\"width: 70%; text-align: justify;\">\r\n<p>Les cours et forfaits vous permettent de vous ressourcer et vous d\u00e9tendre, tout en d\u00e9veloppant la connaissance de votre propre nature, toujours un peu mieux. En vous donnant les cl\u00e9s d\u2019une hygi\u00e8ne de vie plus saine, vous devenez votre propre ma\u00eetre.<\/p>\r\n<\/div>\r\n<div style=\"float: left;\"><img loading=\"lazy\" decoding=\"async\" class=\"alignleft wp-image-1387 size-full\" src=\"https:\/\/gayani-yoga.com\/wp-content\/uploads\/2018\/03\/4M4A1183-e1520933085882.jpg\" alt=\"\" width=\"400\" height=\"600\" \/><\/div>\r\n<div style=\"padding-left: 5%; padding-right: 27%; text-align: justify;\">Vous pouvez toujours r\u00e9server des massages suppl\u00e9mentaires ou des cours de yoga priv\u00e9s pour vous d\u00e9tendre\u2026<br \/>Entour\u00e9s de for\u00eat, de plage, de mer et de lac, Saint-Girons Plage et L\u00e9on sont l&#8217;endroit id\u00e9al pour respirer profond\u00e9ment et se connecter \u00e0 soi-m\u00eame.<br \/>Les cours de yoga sont adapt\u00e9s aux \u00e9l\u00e8ves de tous niveaux \u2013 d\u00e9butant, interm\u00e9diaire, avanc\u00e9 \u2013 et leur permettent de tirer profit de la pratique. Chaque participant b\u00e9n\u00e9ficie d&#8217;un accompagnement personnalis\u00e9 en fonction de ses besoins, afin de progresser et de progresser sur son chemin personnel.<br \/>Pour un ancrage encore plus profond, essayez le cours de sonoth\u00e9rapie du jeudi soir. L&#8217;association de techniques de relaxation et de bols chant\u00e9s permet aux participants de se d\u00e9tendre plus profond\u00e9ment, d&#8217;am\u00e9liorer leur perception corporelle, de se lib\u00e9rer des sch\u00e9mas et des affirmations inutiles et de progresser plus facilement sur le chemin de la vie.<\/div>\r\n<p>[\/vc_column_text][\/vc_column][\/vc_row][vc_row css=&#8221;.vc_custom_1520939269691{padding-top: 30px !important;padding-right: 30px !important;padding-bottom: 100px !important;padding-left: 30px !important;background-color: #0a0a0a !important;}&#8221;][vc_column][vc_column_text]<\/p>\r\n<p style=\"text-align: center;\"><span style=\"color: #ffffff;\">Je vous propose des cours le matin avec la possibilit\u00e9 de participer \u00e0 la s\u00e9ance ou de s\u2019inscrire pour le forfait semaine.<\/span><\/p>\r\n<p>[\/vc_column_text][\/vc_column][\/vc_row][vc_row full_height=&#8221;yes&#8221; content_placement=&#8221;middle&#8221; content_full_width=&#8221;1&#8243; css=&#8221;.vc_custom_1523021583224{margin-top: -50px !important;}&#8221;][vc_column][vc_column_text]<\/p>\r\n<div style=\"margin-top: -55px; position: relative;\"><img loading=\"lazy\" decoding=\"async\" class=\"aligncenter size-full wp-image-1691\" src=\"https:\/\/gayani-yoga.com\/wp-content\/uploads\/2018\/04\/website-Gayani-06-e1523269546786.png\" alt=\"\" width=\"200\" height=\"193\" \/><\/div>\r\n<div style=\"margin-top: -96px;\"><img loading=\"lazy\" decoding=\"async\" class=\"aligncenter wp-image-1425 size-full\" src=\"https:\/\/gayani-yoga.com\/wp-content\/uploads\/2018\/03\/4M4A1947.jpg\" alt=\"\" width=\"5472\" height=\"3648\" srcset=\"https:\/\/gayani-yoga.com\/wp-content\/uploads\/2018\/03\/4M4A1947.jpg 5472w, https:\/\/gayani-yoga.com\/wp-content\/uploads\/2018\/03\/4M4A1947-300x200.jpg 300w, https:\/\/gayani-yoga.com\/wp-content\/uploads\/2018\/03\/4M4A1947-768x512.jpg 768w, https:\/\/gayani-yoga.com\/wp-content\/uploads\/2018\/03\/4M4A1947-1024x683.jpg 1024w\" sizes=\"auto, (max-width: 5472px) 100vw, 5472px\" \/><\/div>\r\n<p>[\/vc_column_text][\/vc_column][\/vc_row][vc_row][vc_column][vc_column_text][\/vc_column_text][\/vc_column][\/vc_row][vc_row][vc_column][vc_column_text]<\/p>\r\n<div id=\"ConstellationWidgetContainerd9e9e712-ca5e-4cb4-aa41-46cd0d056d7c\" style=\"width: 100%;\" title=\"GAYANI - massages, yoga, naturopathie\" data-id-projet=\"d9e9e712ca5e4cb4aa4146cd0d056d7c\">Chargement en cours&#8230;<\/div>\r\n<p><script type=\"text\/javascript\" src=\"https:\/\/reservation.elloha.com\/Scripts\/widget-loader.min.js?v=39\"><\/script> <script type=\"text\/javascript\">var constellationWidgetUrld9e9e712ca5e4cb4aa4146cd0d056d7c, constellationTypeModuled9e9e712ca5e4cb4aa4146cd0d056d7c; constellationWidgetUrld9e9e712ca5e4cb4aa4146cd0d056d7c = 'https:\/\/reservation.elloha.com\/Widget\/BookingEngine\/d9e9e712-ca5e-4cb4-aa41-46cd0d056d7c?idoi=35f661a2-49f1-434d-9b89-da762acc0b3d&culture=fr-FR'; constellationTypeModuled9e9e712ca5e4cb4aa4146cd0d056d7c=1; constellationWidgetLoad('ConstellationWidgetContainerd9e9e712-ca5e-4cb4-aa41-46cd0d056d7c'); constellationWidgetAddEvent(window, \"resize\", function () { constellationWidgetSetAppearance('ConstellationWidgetContainerd9e9e712-ca5e-4cb4-aa41-46cd0d056d7c'); });<\/script><\/p>\r\n<p>[\/vc_column_text][\/vc_column][\/vc_row][vc_column css=&#8221;.vc_custom_1523020795591{padding: 30px !important;}&#8221;][\/vc_column]<\/p>","protected":false},"excerpt":{"rendered":"<p>[vc_row][vc_column][vc_column_text] Cours de yoga dans les Landes \u00e0 proximit\u00e9 de l&#8217;Oc\u00e9an et de la For\u00eat [\/vc_column_text][\/vc_column][\/vc_row][vc_row][vc_column css=&#8221;.vc_custom_1523020610753{margin-top: 30px !important;}&#8221;][vc_separator color=&#8221;black&#8221; el_width=&#8221;60&#8243;][\/vc_column][\/vc_row][vc_row][vc_column][vc_column_text] [\/vc_column_text][\/vc_column][\/vc_row][vc_row][vc_column css=&#8221;.vc_custom_1523020610753{margin-top: 30px !important;}&#8221;][vc_separator color=&#8221;black&#8221; el_width=&#8221;60&#8243;][\/vc_column][\/vc_row][vc_row content_full_width=&#8221;1&#8243; css=&#8221;.vc_custom_1581494106073{margin-top: 30px !important;background-image: url(https:\/\/gayani-yoga.com\/wp-content\/uploads\/2018\/03\/4M4A1558-e1520938107933.jpg?id=1410) !important;}&#8221;][vc_column css=&#8221;.vc_custom_1581493444924{padding-top: 30px !important;padding-right: 30px !important;padding-bottom: 30px !important;padding-left: 30px !important;}&#8221;][vc_column_text] Nous vous proposons des cours le matin et le soir avec la possibilit\u00e9 [&hellip;]<\/p>\n","protected":false},"author":2,"featured_media":0,"parent":0,"menu_order":0,"comment_status":"closed","ping_status":"closed","template":"","meta":{"_glsr_average":0,"_glsr_ranking":0,"_glsr_reviews":0,"footnotes":""},"class_list":["post-1287","page","type-page","status-publish","hentry"],"yoast_head":"<!-- This site is optimized with the Yoast SEO plugin v27.4 - https:\/\/yoast.com\/product\/yoast-seo-wordpress\/ -->\n<title>Cours de Yoga &amp; Ayurveda dans les Landes - Vielles Saint Girons<\/title>\n<meta name=\"description\" content=\"Cours de Yoga dans les Landes. Local situ\u00e9 en for\u00eat \u00e0 proximit\u00e9 de l&#039;Oc\u00e9an. Relaxation et bien-\u00eatre garantie. R\u00e9serv\u00e9 votre s\u00e9ance au : 06.43.50.38.14\" \/>\n<meta name=\"robots\" content=\"index, follow, max-snippet:-1, max-image-preview:large, max-video-preview:-1\" \/>\n<link rel=\"canonical\" href=\"https:\/\/gayani-yoga.com\/index.php\/cours-de-yoga-ayurveda-landes\/\" \/>\n<meta property=\"og:locale\" content=\"fr_FR\" \/>\n<meta property=\"og:type\" content=\"article\" \/>\n<meta property=\"og:title\" content=\"Cours de Yoga &amp; Ayurveda dans les Landes - Vielles Saint Girons\" \/>\n<meta property=\"og:description\" content=\"Cours de Yoga dans les Landes. Local situ\u00e9 en for\u00eat \u00e0 proximit\u00e9 de l&#039;Oc\u00e9an. Relaxation et bien-\u00eatre garantie. R\u00e9serv\u00e9 votre s\u00e9ance au : 06.43.50.38.14\" \/>\n<meta property=\"og:url\" content=\"https:\/\/gayani-yoga.com\/index.php\/cours-de-yoga-ayurveda-landes\/\" \/>\n<meta property=\"og:site_name\" content=\"Gayani Yoga\" \/>\n<meta property=\"article:publisher\" content=\"https:\/\/www.facebook.com\/gayaniyoga\/\" \/>\n<meta property=\"article:modified_time\" content=\"2025-07-11T09:42:20+00:00\" \/>\n<meta property=\"og:image\" content=\"https:\/\/gayani-yoga.com\/wp-content\/uploads\/2018\/03\/4M4A1183-e1520933085882.jpg\" \/>\n<meta name=\"twitter:card\" content=\"summary_large_image\" \/>\n<meta name=\"twitter:label1\" content=\"Dur\u00e9e de lecture estim\u00e9e\" \/>\n\t<meta name=\"twitter:data1\" content=\"5 minutes\" \/>\n<script type=\"application\/ld+json\" class=\"yoast-schema-graph\">{\"@context\":\"https:\\\/\\\/schema.org\",\"@graph\":[{\"@type\":\"WebPage\",\"@id\":\"https:\\\/\\\/gayani-yoga.com\\\/index.php\\\/cours-de-yoga-ayurveda-landes\\\/\",\"url\":\"https:\\\/\\\/gayani-yoga.com\\\/index.php\\\/cours-de-yoga-ayurveda-landes\\\/\",\"name\":\"Cours de Yoga & Ayurveda dans les Landes - Vielles Saint Girons\",\"isPartOf\":{\"@id\":\"https:\\\/\\\/gayani-yoga.com\\\/#website\"},\"primaryImageOfPage\":{\"@id\":\"https:\\\/\\\/gayani-yoga.com\\\/index.php\\\/cours-de-yoga-ayurveda-landes\\\/#primaryimage\"},\"image\":{\"@id\":\"https:\\\/\\\/gayani-yoga.com\\\/index.php\\\/cours-de-yoga-ayurveda-landes\\\/#primaryimage\"},\"thumbnailUrl\":\"https:\\\/\\\/gayani-yoga.com\\\/wp-content\\\/uploads\\\/2018\\\/03\\\/4M4A1183-e1520933085882.jpg\",\"datePublished\":\"2018-03-05T16:33:45+00:00\",\"dateModified\":\"2025-07-11T09:42:20+00:00\",\"description\":\"Cours de Yoga dans les Landes. Local situ\u00e9 en for\u00eat \u00e0 proximit\u00e9 de l'Oc\u00e9an. Relaxation et bien-\u00eatre garantie. R\u00e9serv\u00e9 votre s\u00e9ance au : 06.43.50.38.14\",\"breadcrumb\":{\"@id\":\"https:\\\/\\\/gayani-yoga.com\\\/index.php\\\/cours-de-yoga-ayurveda-landes\\\/#breadcrumb\"},\"inLanguage\":\"fr-FR\",\"potentialAction\":[{\"@type\":\"ReadAction\",\"target\":[\"https:\\\/\\\/gayani-yoga.com\\\/index.php\\\/cours-de-yoga-ayurveda-landes\\\/\"]}]},{\"@type\":\"ImageObject\",\"inLanguage\":\"fr-FR\",\"@id\":\"https:\\\/\\\/gayani-yoga.com\\\/index.php\\\/cours-de-yoga-ayurveda-landes\\\/#primaryimage\",\"url\":\"https:\\\/\\\/gayani-yoga.com\\\/wp-content\\\/uploads\\\/2018\\\/03\\\/4M4A1183-e1520933085882.jpg\",\"contentUrl\":\"https:\\\/\\\/gayani-yoga.com\\\/wp-content\\\/uploads\\\/2018\\\/03\\\/4M4A1183-e1520933085882.jpg\",\"width\":400,\"height\":600},{\"@type\":\"BreadcrumbList\",\"@id\":\"https:\\\/\\\/gayani-yoga.com\\\/index.php\\\/cours-de-yoga-ayurveda-landes\\\/#breadcrumb\",\"itemListElement\":[{\"@type\":\"ListItem\",\"position\":1,\"name\":\"Accueil\",\"item\":\"https:\\\/\\\/gayani-yoga.com\\\/\"},{\"@type\":\"ListItem\",\"position\":2,\"name\":\"YOGA\"}]},{\"@type\":\"WebSite\",\"@id\":\"https:\\\/\\\/gayani-yoga.com\\\/#website\",\"url\":\"https:\\\/\\\/gayani-yoga.com\\\/\",\"name\":\"Gayani Yoga\",\"description\":\"\",\"potentialAction\":[{\"@type\":\"SearchAction\",\"target\":{\"@type\":\"EntryPoint\",\"urlTemplate\":\"https:\\\/\\\/gayani-yoga.com\\\/?s={search_term_string}\"},\"query-input\":{\"@type\":\"PropertyValueSpecification\",\"valueRequired\":true,\"valueName\":\"search_term_string\"}}],\"inLanguage\":\"fr-FR\"}]}<\/script>\n<!-- \/ Yoast SEO plugin. -->","yoast_head_json":{"title":"Cours de Yoga & Ayurveda dans les Landes - Vielles Saint Girons","description":"Cours de Yoga dans les Landes. Local situ\u00e9 en for\u00eat \u00e0 proximit\u00e9 de l'Oc\u00e9an. Relaxation et bien-\u00eatre garantie. R\u00e9serv\u00e9 votre s\u00e9ance au : 06.43.50.38.14","robots":{"index":"index","follow":"follow","max-snippet":"max-snippet:-1","max-image-preview":"max-image-preview:large","max-video-preview":"max-video-preview:-1"},"canonical":"https:\/\/gayani-yoga.com\/index.php\/cours-de-yoga-ayurveda-landes\/","og_locale":"fr_FR","og_type":"article","og_title":"Cours de Yoga & Ayurveda dans les Landes - Vielles Saint Girons","og_description":"Cours de Yoga dans les Landes. Local situ\u00e9 en for\u00eat \u00e0 proximit\u00e9 de l'Oc\u00e9an. Relaxation et bien-\u00eatre garantie. R\u00e9serv\u00e9 votre s\u00e9ance au : 06.43.50.38.14","og_url":"https:\/\/gayani-yoga.com\/index.php\/cours-de-yoga-ayurveda-landes\/","og_site_name":"Gayani Yoga","article_publisher":"https:\/\/www.facebook.com\/gayaniyoga\/","article_modified_time":"2025-07-11T09:42:20+00:00","og_image":[{"url":"https:\/\/gayani-yoga.com\/wp-content\/uploads\/2018\/03\/4M4A1183-e1520933085882.jpg","type":"","width":"","height":""}],"twitter_card":"summary_large_image","twitter_misc":{"Dur\u00e9e de lecture estim\u00e9e":"5 minutes"},"schema":{"@context":"https:\/\/schema.org","@graph":[{"@type":"WebPage","@id":"https:\/\/gayani-yoga.com\/index.php\/cours-de-yoga-ayurveda-landes\/","url":"https:\/\/gayani-yoga.com\/index.php\/cours-de-yoga-ayurveda-landes\/","name":"Cours de Yoga & Ayurveda dans les Landes - Vielles Saint Girons","isPartOf":{"@id":"https:\/\/gayani-yoga.com\/#website"},"primaryImageOfPage":{"@id":"https:\/\/gayani-yoga.com\/index.php\/cours-de-yoga-ayurveda-landes\/#primaryimage"},"image":{"@id":"https:\/\/gayani-yoga.com\/index.php\/cours-de-yoga-ayurveda-landes\/#primaryimage"},"thumbnailUrl":"https:\/\/gayani-yoga.com\/wp-content\/uploads\/2018\/03\/4M4A1183-e1520933085882.jpg","datePublished":"2018-03-05T16:33:45+00:00","dateModified":"2025-07-11T09:42:20+00:00","description":"Cours de Yoga dans les Landes. Local situ\u00e9 en for\u00eat \u00e0 proximit\u00e9 de l'Oc\u00e9an. Relaxation et bien-\u00eatre garantie. R\u00e9serv\u00e9 votre s\u00e9ance au : 06.43.50.38.14","breadcrumb":{"@id":"https:\/\/gayani-yoga.com\/index.php\/cours-de-yoga-ayurveda-landes\/#breadcrumb"},"inLanguage":"fr-FR","potentialAction":[{"@type":"ReadAction","target":["https:\/\/gayani-yoga.com\/index.php\/cours-de-yoga-ayurveda-landes\/"]}]},{"@type":"ImageObject","inLanguage":"fr-FR","@id":"https:\/\/gayani-yoga.com\/index.php\/cours-de-yoga-ayurveda-landes\/#primaryimage","url":"https:\/\/gayani-yoga.com\/wp-content\/uploads\/2018\/03\/4M4A1183-e1520933085882.jpg","contentUrl":"https:\/\/gayani-yoga.com\/wp-content\/uploads\/2018\/03\/4M4A1183-e1520933085882.jpg","width":400,"height":600},{"@type":"BreadcrumbList","@id":"https:\/\/gayani-yoga.com\/index.php\/cours-de-yoga-ayurveda-landes\/#breadcrumb","itemListElement":[{"@type":"ListItem","position":1,"name":"Accueil","item":"https:\/\/gayani-yoga.com\/"},{"@type":"ListItem","position":2,"name":"YOGA"}]},{"@type":"WebSite","@id":"https:\/\/gayani-yoga.com\/#website","url":"https:\/\/gayani-yoga.com\/","name":"Gayani Yoga","description":"","potentialAction":[{"@type":"SearchAction","target":{"@type":"EntryPoint","urlTemplate":"https:\/\/gayani-yoga.com\/?s={search_term_string}"},"query-input":{"@type":"PropertyValueSpecification","valueRequired":true,"valueName":"search_term_string"}}],"inLanguage":"fr-FR"}]}},"post_mailing_queue_ids":[],"_links":{"self":[{"href":"https:\/\/gayani-yoga.com\/index.php\/wp-json\/wp\/v2\/pages\/1287","targetHints":{"allow":["GET"]}}],"collection":[{"href":"https:\/\/gayani-yoga.com\/index.php\/wp-json\/wp\/v2\/pages"}],"about":[{"href":"https:\/\/gayani-yoga.com\/index.php\/wp-json\/wp\/v2\/types\/page"}],"author":[{"embeddable":true,"href":"https:\/\/gayani-yoga.com\/index.php\/wp-json\/wp\/v2\/users\/2"}],"replies":[{"embeddable":true,"href":"https:\/\/gayani-yoga.com\/index.php\/wp-json\/wp\/v2\/comments?post=1287"}],"version-history":[{"count":48,"href":"https:\/\/gayani-yoga.com\/index.php\/wp-json\/wp\/v2\/pages\/1287\/revisions"}],"predecessor-version":[{"id":5639,"href":"https:\/\/gayani-yoga.com\/index.php\/wp-json\/wp\/v2\/pages\/1287\/revisions\/5639"}],"wp:attachment":[{"href":"https:\/\/gayani-yoga.com\/index.php\/wp-json\/wp\/v2\/media?parent=1287"}],"curies":[{"name":"wp","href":"https:\/\/api.w.org\/{rel}","templated":true}]}}